{"id":948,"date":"2020-05-20T15:16:04","date_gmt":"2020-05-20T15:16:04","guid":{"rendered":"http:\/\/netzforma.org\/?page_id=948"},"modified":"2020-08-12T12:58:42","modified_gmt":"2020-08-12T12:58:42","slug":"ueberwachung","status":"publish","type":"page","link":"https:\/\/netzforma.org\/en\/ueberwachung","title":{"rendered":"\u00dcberwachung"},"content":{"rendered":"\r\n<div class=\"wp-block-image\">\r\n<figure class=\"alignleft size-large is-resized\"><img loading=\"lazy\" decoding=\"async\" class=\"wp-image-401\" src=\"http:\/\/netzforma.org\/wp-content\/uploads\/2018\/02\/matthew-henry-87142-unsplash-1024x683.jpg\" alt=\"viele Videokameras sind auf zwei Frauen gerichtet\" width=\"1024\" height=\"683\" srcset=\"https:\/\/netzforma.org\/wp-content\/uploads\/2018\/02\/matthew-henry-87142-unsplash-1024x683.jpg 1024w, https:\/\/netzforma.org\/wp-content\/uploads\/2018\/02\/matthew-henry-87142-unsplash-300x200.jpg 300w, https:\/\/netzforma.org\/wp-content\/uploads\/2018\/02\/matthew-henry-87142-unsplash-768x512.jpg 768w, https:\/\/netzforma.org\/wp-content\/uploads\/2018\/02\/matthew-henry-87142-unsplash-272x182.jpg 272w\" sizes=\"auto, (max-width: 1024px) 100vw, 1024px\" \/>\r\n<figcaption>\u00dcberwachung trifft vor allem Frauen*, Frauen* of Color und marginalisierte Menschen.<\/figcaption>\r\n<\/figure>\r\n<\/div>\r\n\r\n\r\n\r\n\r\n\r\n<p>Wir werden auf Schritt und Tritt \u00fcberwacht. Ob wir mit \u00f6ffentlichen Verkehrsmitteln fahren, Geld abheben, Online Einkaufen oder Suchmaschinen befragen &#8211; sich im analogen wie digitalen Raum anonym zu bewegen, insbesondere in Gro\u00dfst\u00e4dten, ist quasi unm\u00f6glich geworden. Beobachtet werden wir dabei von verschiedenen Akteur*innen: dem Staat, privaten Sicherheitsdienstleister*innen, multinationalen Konzernen und nicht zuletzt uns selbst. Durch einen schnellen Klick auf die Zustimmung zu den AGBs lassen wir bereitwillig erfassen, welche Musik wir h\u00f6ren, welche Produkte wir kaufen, oder wie viele Schritte wir gehen. Im \u00f6ffentlichen Raum reicht sogar unsere blo\u00dfe Anwesenheit als Einwilligung zur \u00dcberwachung durch Videokameras. Gerechtfertigt wird \u00dcberwachung im \u00f6ffentlichen Raum vor allem durch das Versprechen von mehr Sicherheit. H\u00e4ufig werden dabei explizit feministische Forderungen nach der Pr\u00e4vention von Gewalt gegen Frauen in \u00f6ffentlichen R\u00e4umen, wie sie innerhalb der feministischen Stadtplanung entwickelt wurden, zur Legitimation benutzt.<\/p>\r\n\r\n\r\n\r\n<p>In den Hintergrund tritt dabei, dass \u00dcberwachung neben vermeintlich gr\u00f6\u00dferer Sicherheit auch eine gr\u00f6\u00dfere Kontrolle bedeutet. Von dieser Kontrolle sind marginalisierte Gruppen am st\u00e4rksten betroffen. F\u00fcr LGBTQI* birgt \u00dcberwachung ein viel h\u00f6heres Risiko, sei es auf \u00f6ffentlichen Pl\u00e4tzen oder bei Meinungs\u00e4u\u00dferungen im Internet, was eine Selbstzensur zur Folge haben kann. Nicht zuletzt werden aus den gesammelten Daten Personen in Gruppen kategorisiert, was rassistische Praxen zur Folge haben kann.<\/p>\r\n\r\n\r\n\r\n<p>\u00dcberwachung ist ein wichtiges feministisches Thema, weil es die Pers\u00f6nlichkeitsrechte von marginalisierten Gruppen in besonderer Weise bedroht. Au\u00dferdem findet im politischen und \u00f6ffentlichen Diskurs eine Indienstnahme feministischer Forderungen nach Sicherheit f\u00fcr Frauen statt, durch die auch rassistische Praxen wie Racial Profiling legitimiert werden sollen. Daher gilt es in der Debatte um \u00dcberwachung stets deren Auswirkungen auf verschiedene gesellschaftliche Gruppen in den Blick zu nehmen und sich klar gegen diskriminierende Ma\u00dfnahmen zu positionieren und zur Wehr zu setzen.<\/p>\r\n\r\n\r\n\r\n<h4 class=\"wp-block-heading\">Linkliste\/Leseempfehlungen:<\/h4>\r\n\r\n\r\n\r\n<p>Browne, Simone (2015). <a href=\"https:\/\/www.dukeupress.edu\/dark-matters\" target=\"_blank\" rel=\"noreferrer noopener\">Dark matters : on the surveillance of blackness.<\/a><\/p>\r\n\r\n\r\n\r\n<p>Dubrofsky, Rachel E. ; Magnet Shoshana Amielle (Eds.). (2015). <a href=\"https:\/\/www.dukeupress.edu\/feminist-surveillance-studies\" target=\"_blank\" rel=\"noreferrer noopener\">Feminist surveillance studies.<\/a><\/p>\r\n\r\n\r\n\r\n<p>Lyon, David (2003). <a href=\"https:\/\/www.amazon.de\/Surveillance-Social-Sorting-Automated-Discrimination\/dp\/0415278732\" target=\"_blank\" rel=\"noreferrer noopener\">Surveillance as social sorting : privacy, risk, and digital discrimination.<\/a><\/p>\r\n\r\n\r\n\r\n<p>Shepard, Nicole (2017). <a href=\"http:\/\/www.denknetz.ch\/wp-content\/uploads\/2017\/11\/Jahrbuch_2017.pdf\" target=\"_blank\" rel=\"noreferrer noopener\">Was hat \u00dcberwachung mit Sex und Gender zu tun?<\/a><\/p>\r\n\r\n\r\n\r\n<p><a href=\"https:\/\/www.genderit.org\/feminist-talk\/surveillance-feminist-issue\" target=\"_blank\" rel=\"noreferrer noopener\">5 reasons why surveillance is a feminist issue<\/a><\/p>\r\n\r\n\r\n\r\n<p><a href=\"https:\/\/medium.com\/privacy-international\/surveillance-as-a-feminist-issue-12b5b45e1312\" target=\"_blank\" rel=\"noreferrer noopener\">Surveillance as a Feminist Issue<\/a><\/p>\r\n\r\n\r\n\r\n<p>&nbsp;<\/p>\r\n","protected":false},"excerpt":{"rendered":"<p>Wir werden auf Schritt und Tritt \u00fcberwacht. Ob wir mit \u00f6ffentlichen Verkehrsmitteln fahren, Geld abheben, Online Einkaufen oder Suchmaschinen befragen &#8211; sich im analogen wie digitalen Raum anonym zu bewegen, insbesondere in Gro\u00dfst\u00e4dten, ist quasi unm\u00f6glich geworden. Beobachtet werden wir dabei von verschiedenen Akteur*innen: dem Staat, privaten Sicherheitsdienstleister*innen, multinationalen Konzernen und nicht zuletzt uns selbst. [&hellip;]<\/p>\n","protected":false},"author":1,"featured_media":0,"parent":0,"menu_order":0,"comment_status":"closed","ping_status":"closed","template":"","meta":{"footnotes":""},"class_list":["post-948","page","type-page","status-publish","hentry"],"translation":{"provider":"WPGlobus","version":"3.0.0","language":"en","enabled_languages":["de","en"],"languages":{"de":{"title":true,"content":true,"excerpt":false},"en":{"title":false,"content":false,"excerpt":false}}},"yoast_head":"<!-- This site is optimized with the Yoast SEO plugin v26.3 - https:\/\/yoast.com\/wordpress\/plugins\/seo\/ -->\n<title>\u00dcberwachung - Netzforma* e.V.<\/title>\n<meta name=\"robots\" content=\"index, follow, max-snippet:-1, max-image-preview:large, max-video-preview:-1\" \/>\n<link rel=\"canonical\" href=\"https:\/\/netzforma.org\/ueberwachung\" \/>\n<meta property=\"og:locale\" content=\"en_US\" \/>\n<meta property=\"og:type\" content=\"article\" \/>\n<meta property=\"og:title\" content=\"\u00dcberwachung - Netzforma* e.V.\" \/>\n<meta property=\"og:url\" content=\"https:\/\/netzforma.org\/ueberwachung\" \/>\n<meta property=\"og:site_name\" content=\"Netzforma* e.V.\" \/>\n<meta property=\"article:modified_time\" content=\"2020-08-12T12:58:42+00:00\" \/>\n<meta property=\"og:image\" content=\"http:\/\/netzforma.org\/wp-content\/uploads\/2018\/02\/matthew-henry-87142-unsplash-1024x683.jpg\" \/>\n<meta name=\"twitter:card\" content=\"summary_large_image\" \/>\n<meta name=\"twitter:label1\" content=\"Est. reading time\" \/>\n\t<meta name=\"twitter:data1\" content=\"2 minutes\" \/>\n<script type=\"application\/ld+json\" class=\"yoast-schema-graph\">{\"@context\":\"https:\/\/schema.org\",\"@graph\":[{\"@type\":\"WebPage\",\"@id\":\"https:\/\/netzforma.org\/ueberwachung\",\"url\":\"https:\/\/netzforma.org\/ueberwachung\",\"name\":\"\u00dcberwachung - Netzforma* e.V.\",\"isPartOf\":{\"@id\":\"https:\/\/netzforma.org\/#website\"},\"primaryImageOfPage\":{\"@id\":\"https:\/\/netzforma.org\/ueberwachung#primaryimage\"},\"image\":{\"@id\":\"https:\/\/netzforma.org\/ueberwachung#primaryimage\"},\"thumbnailUrl\":\"http:\/\/netzforma.org\/wp-content\/uploads\/2018\/02\/matthew-henry-87142-unsplash-1024x683.jpg\",\"datePublished\":\"2020-05-20T15:16:04+00:00\",\"dateModified\":\"2020-08-12T12:58:42+00:00\",\"breadcrumb\":{\"@id\":\"https:\/\/netzforma.org\/ueberwachung#breadcrumb\"},\"inLanguage\":\"en-US\",\"potentialAction\":[{\"@type\":\"ReadAction\",\"target\":[\"https:\/\/netzforma.org\/ueberwachung\"]}]},{\"@type\":\"ImageObject\",\"inLanguage\":\"en-US\",\"@id\":\"https:\/\/netzforma.org\/ueberwachung#primaryimage\",\"url\":\"http:\/\/netzforma.org\/wp-content\/uploads\/2018\/02\/matthew-henry-87142-unsplash-1024x683.jpg\",\"contentUrl\":\"http:\/\/netzforma.org\/wp-content\/uploads\/2018\/02\/matthew-henry-87142-unsplash-1024x683.jpg\"},{\"@type\":\"BreadcrumbList\",\"@id\":\"https:\/\/netzforma.org\/ueberwachung#breadcrumb\",\"itemListElement\":[{\"@type\":\"ListItem\",\"position\":1,\"name\":\"Startseite\",\"item\":\"https:\/\/netzforma.org\/\"},{\"@type\":\"ListItem\",\"position\":2,\"name\":\"\u00dcberwachung\"}]},{\"@type\":\"WebSite\",\"@id\":\"https:\/\/netzforma.org\/#website\",\"url\":\"https:\/\/netzforma.org\/\",\"name\":\"Netzforma* e.V.\",\"description\":\"Verein f\u00fcr feministsiche Netzpolitik\",\"publisher\":{\"@id\":\"https:\/\/netzforma.org\/#organization\"},\"potentialAction\":[{\"@type\":\"SearchAction\",\"target\":{\"@type\":\"EntryPoint\",\"urlTemplate\":\"https:\/\/netzforma.org\/?s={search_term_string}\"},\"query-input\":{\"@type\":\"PropertyValueSpecification\",\"valueRequired\":true,\"valueName\":\"search_term_string\"}}],\"inLanguage\":\"en-US\"},{\"@type\":\"Organization\",\"@id\":\"https:\/\/netzforma.org\/#organization\",\"name\":\"Netzforma* e.V.\",\"url\":\"https:\/\/netzforma.org\/\",\"logo\":{\"@type\":\"ImageObject\",\"inLanguage\":\"en-US\",\"@id\":\"https:\/\/netzforma.org\/#\/schema\/logo\/image\/\",\"url\":\"https:\/\/netzforma.org\/wp-content\/uploads\/2018\/04\/cropped-netzforma_512_quadrat-5.png\",\"contentUrl\":\"https:\/\/netzforma.org\/wp-content\/uploads\/2018\/04\/cropped-netzforma_512_quadrat-5.png\",\"width\":177,\"height\":182,\"caption\":\"Netzforma* e.V.\"},\"image\":{\"@id\":\"https:\/\/netzforma.org\/#\/schema\/logo\/image\/\"}}]}<\/script>\n<!-- \/ Yoast SEO plugin. -->","yoast_head_json":{"title":"\u00dcberwachung - Netzforma* e.V.","robots":{"index":"index","follow":"follow","max-snippet":"max-snippet:-1","max-image-preview":"max-image-preview:large","max-video-preview":"max-video-preview:-1"},"canonical":"https:\/\/netzforma.org\/ueberwachung","og_locale":"en_US","og_type":"article","og_title":"\u00dcberwachung - Netzforma* e.V.","og_url":"https:\/\/netzforma.org\/ueberwachung","og_site_name":"Netzforma* e.V.","article_modified_time":"2020-08-12T12:58:42+00:00","og_image":[{"url":"http:\/\/netzforma.org\/wp-content\/uploads\/2018\/02\/matthew-henry-87142-unsplash-1024x683.jpg","type":"","width":"","height":""}],"twitter_card":"summary_large_image","twitter_misc":{"Est. reading time":"2 minutes"},"schema":{"@context":"https:\/\/schema.org","@graph":[{"@type":"WebPage","@id":"https:\/\/netzforma.org\/ueberwachung","url":"https:\/\/netzforma.org\/ueberwachung","name":"\u00dcberwachung - Netzforma* e.V.","isPartOf":{"@id":"https:\/\/netzforma.org\/#website"},"primaryImageOfPage":{"@id":"https:\/\/netzforma.org\/ueberwachung#primaryimage"},"image":{"@id":"https:\/\/netzforma.org\/ueberwachung#primaryimage"},"thumbnailUrl":"http:\/\/netzforma.org\/wp-content\/uploads\/2018\/02\/matthew-henry-87142-unsplash-1024x683.jpg","datePublished":"2020-05-20T15:16:04+00:00","dateModified":"2020-08-12T12:58:42+00:00","breadcrumb":{"@id":"https:\/\/netzforma.org\/ueberwachung#breadcrumb"},"inLanguage":"en-US","potentialAction":[{"@type":"ReadAction","target":["https:\/\/netzforma.org\/ueberwachung"]}]},{"@type":"ImageObject","inLanguage":"en-US","@id":"https:\/\/netzforma.org\/ueberwachung#primaryimage","url":"http:\/\/netzforma.org\/wp-content\/uploads\/2018\/02\/matthew-henry-87142-unsplash-1024x683.jpg","contentUrl":"http:\/\/netzforma.org\/wp-content\/uploads\/2018\/02\/matthew-henry-87142-unsplash-1024x683.jpg"},{"@type":"BreadcrumbList","@id":"https:\/\/netzforma.org\/ueberwachung#breadcrumb","itemListElement":[{"@type":"ListItem","position":1,"name":"Startseite","item":"https:\/\/netzforma.org\/"},{"@type":"ListItem","position":2,"name":"\u00dcberwachung"}]},{"@type":"WebSite","@id":"https:\/\/netzforma.org\/#website","url":"https:\/\/netzforma.org\/","name":"Netzforma* e.V.","description":"Verein f\u00fcr feministsiche Netzpolitik","publisher":{"@id":"https:\/\/netzforma.org\/#organization"},"potentialAction":[{"@type":"SearchAction","target":{"@type":"EntryPoint","urlTemplate":"https:\/\/netzforma.org\/?s={search_term_string}"},"query-input":{"@type":"PropertyValueSpecification","valueRequired":true,"valueName":"search_term_string"}}],"inLanguage":"en-US"},{"@type":"Organization","@id":"https:\/\/netzforma.org\/#organization","name":"Netzforma* e.V.","url":"https:\/\/netzforma.org\/","logo":{"@type":"ImageObject","inLanguage":"en-US","@id":"https:\/\/netzforma.org\/#\/schema\/logo\/image\/","url":"https:\/\/netzforma.org\/wp-content\/uploads\/2018\/04\/cropped-netzforma_512_quadrat-5.png","contentUrl":"https:\/\/netzforma.org\/wp-content\/uploads\/2018\/04\/cropped-netzforma_512_quadrat-5.png","width":177,"height":182,"caption":"Netzforma* e.V."},"image":{"@id":"https:\/\/netzforma.org\/#\/schema\/logo\/image\/"}}]}},"jetpack_sharing_enabled":true,"_links":{"self":[{"href":"https:\/\/netzforma.org\/en\/wp-json\/wp\/v2\/pages\/948","targetHints":{"allow":["GET"]}}],"collection":[{"href":"https:\/\/netzforma.org\/en\/wp-json\/wp\/v2\/pages"}],"about":[{"href":"https:\/\/netzforma.org\/en\/wp-json\/wp\/v2\/types\/page"}],"author":[{"embeddable":true,"href":"https:\/\/netzforma.org\/en\/wp-json\/wp\/v2\/users\/1"}],"replies":[{"embeddable":true,"href":"https:\/\/netzforma.org\/en\/wp-json\/wp\/v2\/comments?post=948"}],"version-history":[{"count":6,"href":"https:\/\/netzforma.org\/en\/wp-json\/wp\/v2\/pages\/948\/revisions"}],"predecessor-version":[{"id":1069,"href":"https:\/\/netzforma.org\/en\/wp-json\/wp\/v2\/pages\/948\/revisions\/1069"}],"wp:attachment":[{"href":"https:\/\/netzforma.org\/en\/wp-json\/wp\/v2\/media?parent=948"}],"curies":[{"name":"wp","href":"https:\/\/api.w.org\/{rel}","templated":true}]}}