{"id":884,"date":"2020-05-15T18:25:19","date_gmt":"2020-05-15T18:25:19","guid":{"rendered":"http:\/\/netzform.uber.space\/?page_id=884"},"modified":"2020-08-12T12:58:09","modified_gmt":"2020-08-12T12:58:09","slug":"kunstliche-intelligenz","status":"publish","type":"page","link":"https:\/\/netzforma.org\/en\/kunstliche-intelligenz","title":{"rendered":"K\u00fcnstliche Intelligenz"},"content":{"rendered":"\r\n<div class=\"wp-block-image\">\r\n<figure class=\"alignleft size-large is-resized\"><img loading=\"lazy\" decoding=\"async\" class=\"wp-image-32\" src=\"http:\/\/netzforma.org\/wp-content\/uploads\/2018\/01\/photo-1483127299475-15dad2a69465-1024x683.jpeg\" alt=\"\" width=\"382\" height=\"254\" srcset=\"https:\/\/netzforma.org\/wp-content\/uploads\/2018\/01\/photo-1483127299475-15dad2a69465-1024x683.jpeg 1024w, https:\/\/netzforma.org\/wp-content\/uploads\/2018\/01\/photo-1483127299475-15dad2a69465-300x200.jpeg 300w, https:\/\/netzforma.org\/wp-content\/uploads\/2018\/01\/photo-1483127299475-15dad2a69465-768x512.jpeg 768w, https:\/\/netzforma.org\/wp-content\/uploads\/2018\/01\/photo-1483127299475-15dad2a69465.jpeg 1500w\" sizes=\"auto, (max-width: 382px) 100vw, 382px\" \/><\/figure>\r\n<\/div>\r\n\r\n\r\n\r\n<p>Algorithmen, Big Data, k\u00fcnstliche Intelligenz und Machine\/Deep Learning &#8211; Begriffe, die in aller Munde sind und mit denen umfassende gesellschaftliche Ver\u00e4nderungen verbunden sind.<\/p>\r\n\r\n\r\n\r\n<p>Die Debatte pendelt zwischen dystopischen Szenarien, in denen Roboter und k\u00fcnstliche Intelligenzen den Menschen in all seinen Funktionen abl\u00f6sen, den Menschen damit \u00fcberfl\u00fcssig machen und Heilsversprechen, die dem Menschen eine arbeitslose, aber dennoch finanziell ertragreiche Zukunft voraussagen.<\/p>\r\n\r\n\r\n\r\n<p>Wie wahrscheinlich entweder das eine, das andere oder etwas in der Mitte ist, liegt derzeit in unseren H\u00e4nden. Auch wenn Technologien einen Erm\u00f6glichungsraum schaffen, so sind sie nicht wertfrei oder neutral, sondern immer eingebunden in bestehende Macht-, Herrschafts- und Diskriminierungsverh\u00e4ltnisse. Das gilt so sehr f\u00fcr k\u00fcnstliche Intelligenzen, wie f\u00fcr Big Data, als Datengrundlage. Sowohl der Einsatz der Technologie, als auch die Sammlung von Daten ist immer kontextbezogen und sollte auch genauso betrachtet und im Zweifel kritisiert werden.<\/p>\r\n\r\n\r\n\r\n<p>Eine feministische Perspektive, die es darauf anlegt, gesellschaftliche Prozesse intersektional zu analysieren und macht- und hierarchiefrei zu gestalten, ist dabei unerl\u00e4sslich.<\/p>\r\n\r\n\r\n\r\n<p>Algorithmen bzw. k\u00fcnstliche Intelligenz kann bef\u00e4higen bzw. helfen, wenn sie beispielsweise Tumore auf R\u00f6ntgenbildern mit wesentlich gr\u00f6\u00dferer Treffsicherheit und viel schneller erkennt, als es Menschen m\u00f6glich w\u00e4re. SmartGrids und SmartFinance pr\u00e4gen zuk\u00fcnftig ebenfalls unsere Lebenswelt, das popul\u00e4rste Argument ist eine Vereinfachung des Alltags. Aber auch diese Schnittstelle weist eine Kehrseite auf.<\/p>\r\n\r\n\r\n\r\n<p>Algorithmen bzw. k\u00fcnstliche Intelligenzen k\u00f6nnen zugleich einschr\u00e4nken oder diskriminieren, wenn sie zum Beispiel dar\u00fcber entscheiden, ob eine Person kreditw\u00fcrdig ist oder Prognosen \u00fcber m\u00f6gliche Straft\u00e4ter*innen treffen (Stichwort: Predictive Policing). Denn weder die Datengrundlage noch die Technologien sind neutral. Diskriminierende Stereotype, die sich lebensweltlich und damit in den Daten bereits manifestiert haben, werden in den Code (unbewusst) \u00fcbernommen. Fehlende Transparenz kann dann tats\u00e4chlich zu einer Verfestigung und Versch\u00e4rfung der Diskriminierung f\u00fchren.<\/p>\r\n\r\n\r\n\r\n<p>netzforma* e.V. wird sich intensiv mit Fragen der Gefahr von Diskriminierung, dem Potential f\u00fcr \u00dcberwachung und weiteren sozialen, sowie gesellschaftlichen Implikationen auseinandersetzen. Wir fokussieren vor allem auf die technischen M\u00f6glichkeiten die mit Algorithmen, Deep Learning und Big Data einhergehen.<\/p>\r\n\r\n\r\n\r\n<p>Zur Strukturierung der Debatte im Folgenden eine Ann\u00e4herung an die Begriffe, denn diese werden zuoft synonym verwendet, haben aber teilweise sehr unterschiedliche Technologien als Grundlage.<\/p>\r\n\r\n\r\n\r\n<h2 class=\"wp-block-heading\">K\u00fcnstliche Intelligenz<\/h2>\r\n\r\n\r\n\r\n<p>K\u00fcnstliche Intelligenz ist ein Art Oberbegriff f\u00fcr Algorithmen, Deep Learning und Machine Learning.<\/p>\r\n\r\n\r\n\r\n<p>Der Begriff geht auf John McCarthy zur\u00fcck, der ihn bereits 1955 pr\u00e4gte, und umschreibt im Grunde nichts anderes als<a href=\"https:\/\/www.sciencedaily.com\/terms\/artificial_intelligence.htm\"> &#8220;the science and engineering of making intelligent machines&#8221;<\/a>.<\/p>\r\n\r\n\r\n\r\n<p>Alle weiteren Begriffe k\u00f6nnen dem Feld der k\u00fcnstlichen Intelligenz zugeordnet werden.<\/p>\r\n\r\n\r\n\r\n<h4 class=\"wp-block-heading\">Algorithmen sind (mathematische) Handlungsanweisungen, die auf einem definierten Weg von einem definierten Anfangszustand zu einem definierten Endzustand f\u00fchren sollen. Algorithmen tauchen in vielen Disziplinen auf.<\/h4>\r\n\r\n\r\n\r\n<p>Im Grunde sind viele Dinge, die wir im Alltag tun, kleine Algorithmen, wie zum Beispiel das Anmelden am Computer oder das Kochen von Wasser.<\/p>\r\n\r\n\r\n\r\n<h4 class=\"wp-block-heading\">Deep Learning ist die maschinelle Analyse von Big Data, das wiederum sind sehr gro\u00dfe Mengen an Daten und Datenbanken. Dabei wird mit k\u00fcnstlichen neuronalen Netzen gearbeitet, um besonders effiziente Lernerfolge zu erzielen. So k\u00f6nnen Strukturen erkannt und evaluiert werden. Mit jedem Durchlauf kann die Maschine besser werden.<\/h4>\r\n\r\n\r\n\r\n<h4 class=\"wp-block-heading\"><strong>Big Data<\/strong> ist wie bereits beschrieben die Kapazit\u00e4t zu suchen, zu verbinden und auf gro\u00dfe Datenmengen zu verweisen.<\/h4>\r\n\r\n\r\n\r\n<p><strong>weiterlesen:<\/strong><\/p>\r\n\r\n\r\n\r\n<p>boyd, d., &amp; Crawford, K. (2012). CRITICAL QUESTIONS FOR BIG DATA. <em>Information, Communication &amp; Society<\/em>, <em>15<\/em>(5), 662-679. doi:10.1080\/1369118X.2012.678878<\/p>\r\n\r\n\r\n\r\n<p>Ferguson, A. (2017). Is \u201cBig Data\u201d racist? Why policing by data isn\u2019t necessarily objective \u00a0Ars Technica. Retrieved 19.02., 2018 from<a href=\"https:\/\/arstechnica.com\/tech-policy\/2017\/12\/is-big-data-racist-why-policing-by-data-isnt-necessarily-objective\/\"> https:\/\/arstechnica.com\/tech-policy\/2017\/12\/is-big-data-racist-why-policing-by-data-isnt-necessarily-objective\/<\/a><\/p>\r\n\r\n\r\n\r\n<p>McCarthy, J. (2007). WHAT IS ARTIFICIAL INTELLIGENCE.<\/p>\r\n\r\n\r\n\r\n<p>Merz, C. (2016). Predictive Policing &#8211; Polizeiliche Strafverfolgung in Zeiten von Big Data. Retrieved from https:\/\/publikationen.bibliothek.kit.edu\/1000054372<\/p>\r\n\r\n\r\n\r\n<p>Powles, J. (2016). <a href=\"https:\/\/www.theguardian.com\/technology\/2016\/oct\/08\/algorithms-big-tech-data-decisions\" target=\"_blank\" rel=\"noreferrer noopener\">Machine logic: our lives are ruled by big tech\u2019s \u201adecisions by data<\/a>.\u00a0<\/p>\r\n\r\n\r\n\r\n<p>Vargo, C. J., Guo, L., &amp; Amazeen, M. A. (2017). The agenda-setting power of fake news: A big data analysis of the online media landscape from 2014 to 2016. New Media &amp; Society, Vol 20, Issue 5, pp. 2028 \u2013 2049.<\/p>\r\n\r\n\r\n\r\n<p>Vincent, J. (2018). <a href=\"https:\/\/www.theverge.com\/2018\/1\/23\/16907238\/artificial-intelligence-surveillance-cameras-security\" target=\"_blank\" rel=\"noreferrer noopener\">Artificial intelligence is going to supercharge surveillance<\/a>.\u00a0<\/p>\r\n\r\n\r\n\r\n<p>Wagner, B. (2016). Algorithmic regulation and the global default: Shifting norms in Internet technology. <em>Etikk i praksis &#8211; Nordic Journal of Applied Ethics<\/em>, <em>10<\/em>(1), 5.<\/p>\r\n\r\n\r\n\r\n<p>&nbsp;<\/p>\r\n","protected":false},"excerpt":{"rendered":"<p>Algorithmen, Big Data, k\u00fcnstliche Intelligenz und Machine\/Deep Learning &#8211; Begriffe, die in aller Munde sind und mit denen umfassende gesellschaftliche Ver\u00e4nderungen verbunden sind. Die Debatte pendelt zwischen dystopischen Szenarien, in denen Roboter und k\u00fcnstliche Intelligenzen den Menschen in all seinen Funktionen abl\u00f6sen, den Menschen damit \u00fcberfl\u00fcssig machen und Heilsversprechen, die dem Menschen eine arbeitslose, aber [&hellip;]<\/p>\n","protected":false},"author":1,"featured_media":0,"parent":0,"menu_order":0,"comment_status":"closed","ping_status":"closed","template":"","meta":{"footnotes":""},"class_list":["post-884","page","type-page","status-publish","hentry"],"translation":{"provider":"WPGlobus","version":"3.0.0","language":"en","enabled_languages":["de","en"],"languages":{"de":{"title":true,"content":true,"excerpt":false},"en":{"title":false,"content":false,"excerpt":false}}},"yoast_head":"<!-- This site is optimized with the Yoast SEO plugin v26.3 - https:\/\/yoast.com\/wordpress\/plugins\/seo\/ -->\n<title>K\u00fcnstliche Intelligenz - Netzforma* e.V.<\/title>\n<meta name=\"robots\" content=\"index, follow, max-snippet:-1, max-image-preview:large, max-video-preview:-1\" \/>\n<link rel=\"canonical\" href=\"https:\/\/netzforma.org\/kunstliche-intelligenz\" \/>\n<meta property=\"og:locale\" content=\"en_US\" \/>\n<meta property=\"og:type\" content=\"article\" \/>\n<meta property=\"og:title\" content=\"K\u00fcnstliche Intelligenz - Netzforma* e.V.\" \/>\n<meta property=\"og:url\" content=\"https:\/\/netzforma.org\/kunstliche-intelligenz\" \/>\n<meta property=\"og:site_name\" content=\"Netzforma* e.V.\" \/>\n<meta property=\"article:modified_time\" content=\"2020-08-12T12:58:09+00:00\" \/>\n<meta property=\"og:image\" content=\"http:\/\/netzforma.org\/wp-content\/uploads\/2018\/01\/photo-1483127299475-15dad2a69465-1024x683.jpeg\" \/>\n<meta name=\"twitter:card\" content=\"summary_large_image\" \/>\n<meta name=\"twitter:label1\" content=\"Est. reading time\" \/>\n\t<meta name=\"twitter:data1\" content=\"4 minutes\" \/>\n<script type=\"application\/ld+json\" class=\"yoast-schema-graph\">{\"@context\":\"https:\/\/schema.org\",\"@graph\":[{\"@type\":\"WebPage\",\"@id\":\"https:\/\/netzforma.org\/kunstliche-intelligenz\",\"url\":\"https:\/\/netzforma.org\/kunstliche-intelligenz\",\"name\":\"K\u00fcnstliche Intelligenz - Netzforma* e.V.\",\"isPartOf\":{\"@id\":\"https:\/\/netzforma.org\/#website\"},\"primaryImageOfPage\":{\"@id\":\"https:\/\/netzforma.org\/kunstliche-intelligenz#primaryimage\"},\"image\":{\"@id\":\"https:\/\/netzforma.org\/kunstliche-intelligenz#primaryimage\"},\"thumbnailUrl\":\"http:\/\/netzforma.org\/wp-content\/uploads\/2018\/01\/photo-1483127299475-15dad2a69465-1024x683.jpeg\",\"datePublished\":\"2020-05-15T18:25:19+00:00\",\"dateModified\":\"2020-08-12T12:58:09+00:00\",\"description\":\"Es braucht eine intersektional feministische Perspektive auf K\u00fcnstliche Intelligenz, Machine\/Deep Learning und Algorithmen.\",\"breadcrumb\":{\"@id\":\"https:\/\/netzforma.org\/kunstliche-intelligenz#breadcrumb\"},\"inLanguage\":\"en-US\",\"potentialAction\":[{\"@type\":\"ReadAction\",\"target\":[\"https:\/\/netzforma.org\/kunstliche-intelligenz\"]}]},{\"@type\":\"ImageObject\",\"inLanguage\":\"en-US\",\"@id\":\"https:\/\/netzforma.org\/kunstliche-intelligenz#primaryimage\",\"url\":\"http:\/\/netzforma.org\/wp-content\/uploads\/2018\/01\/photo-1483127299475-15dad2a69465-1024x683.jpeg\",\"contentUrl\":\"http:\/\/netzforma.org\/wp-content\/uploads\/2018\/01\/photo-1483127299475-15dad2a69465-1024x683.jpeg\"},{\"@type\":\"BreadcrumbList\",\"@id\":\"https:\/\/netzforma.org\/kunstliche-intelligenz#breadcrumb\",\"itemListElement\":[{\"@type\":\"ListItem\",\"position\":1,\"name\":\"Startseite\",\"item\":\"https:\/\/netzforma.org\/\"},{\"@type\":\"ListItem\",\"position\":2,\"name\":\"K\u00fcnstliche Intelligenz\"}]},{\"@type\":\"WebSite\",\"@id\":\"https:\/\/netzforma.org\/#website\",\"url\":\"https:\/\/netzforma.org\/\",\"name\":\"Netzforma* e.V.\",\"description\":\"Verein f\u00fcr feministsiche Netzpolitik\",\"publisher\":{\"@id\":\"https:\/\/netzforma.org\/#organization\"},\"potentialAction\":[{\"@type\":\"SearchAction\",\"target\":{\"@type\":\"EntryPoint\",\"urlTemplate\":\"https:\/\/netzforma.org\/?s={search_term_string}\"},\"query-input\":{\"@type\":\"PropertyValueSpecification\",\"valueRequired\":true,\"valueName\":\"search_term_string\"}}],\"inLanguage\":\"en-US\"},{\"@type\":\"Organization\",\"@id\":\"https:\/\/netzforma.org\/#organization\",\"name\":\"Netzforma* e.V.\",\"url\":\"https:\/\/netzforma.org\/\",\"logo\":{\"@type\":\"ImageObject\",\"inLanguage\":\"en-US\",\"@id\":\"https:\/\/netzforma.org\/#\/schema\/logo\/image\/\",\"url\":\"https:\/\/netzforma.org\/wp-content\/uploads\/2018\/04\/cropped-netzforma_512_quadrat-5.png\",\"contentUrl\":\"https:\/\/netzforma.org\/wp-content\/uploads\/2018\/04\/cropped-netzforma_512_quadrat-5.png\",\"width\":177,\"height\":182,\"caption\":\"Netzforma* e.V.\"},\"image\":{\"@id\":\"https:\/\/netzforma.org\/#\/schema\/logo\/image\/\"}}]}<\/script>\n<!-- \/ Yoast SEO plugin. -->","yoast_head_json":{"title":"K\u00fcnstliche Intelligenz - Netzforma* e.V.","robots":{"index":"index","follow":"follow","max-snippet":"max-snippet:-1","max-image-preview":"max-image-preview:large","max-video-preview":"max-video-preview:-1"},"canonical":"https:\/\/netzforma.org\/kunstliche-intelligenz","og_locale":"en_US","og_type":"article","og_title":"K\u00fcnstliche Intelligenz - Netzforma* e.V.","og_url":"https:\/\/netzforma.org\/kunstliche-intelligenz","og_site_name":"Netzforma* e.V.","article_modified_time":"2020-08-12T12:58:09+00:00","og_image":[{"url":"http:\/\/netzforma.org\/wp-content\/uploads\/2018\/01\/photo-1483127299475-15dad2a69465-1024x683.jpeg","type":"","width":"","height":""}],"twitter_card":"summary_large_image","twitter_misc":{"Est. reading time":"4 minutes"},"schema":{"@context":"https:\/\/schema.org","@graph":[{"@type":"WebPage","@id":"https:\/\/netzforma.org\/kunstliche-intelligenz","url":"https:\/\/netzforma.org\/kunstliche-intelligenz","name":"K\u00fcnstliche Intelligenz - Netzforma* e.V.","isPartOf":{"@id":"https:\/\/netzforma.org\/#website"},"primaryImageOfPage":{"@id":"https:\/\/netzforma.org\/kunstliche-intelligenz#primaryimage"},"image":{"@id":"https:\/\/netzforma.org\/kunstliche-intelligenz#primaryimage"},"thumbnailUrl":"http:\/\/netzforma.org\/wp-content\/uploads\/2018\/01\/photo-1483127299475-15dad2a69465-1024x683.jpeg","datePublished":"2020-05-15T18:25:19+00:00","dateModified":"2020-08-12T12:58:09+00:00","description":"Es braucht eine intersektional feministische Perspektive auf K\u00fcnstliche Intelligenz, Machine\/Deep Learning und Algorithmen.","breadcrumb":{"@id":"https:\/\/netzforma.org\/kunstliche-intelligenz#breadcrumb"},"inLanguage":"en-US","potentialAction":[{"@type":"ReadAction","target":["https:\/\/netzforma.org\/kunstliche-intelligenz"]}]},{"@type":"ImageObject","inLanguage":"en-US","@id":"https:\/\/netzforma.org\/kunstliche-intelligenz#primaryimage","url":"http:\/\/netzforma.org\/wp-content\/uploads\/2018\/01\/photo-1483127299475-15dad2a69465-1024x683.jpeg","contentUrl":"http:\/\/netzforma.org\/wp-content\/uploads\/2018\/01\/photo-1483127299475-15dad2a69465-1024x683.jpeg"},{"@type":"BreadcrumbList","@id":"https:\/\/netzforma.org\/kunstliche-intelligenz#breadcrumb","itemListElement":[{"@type":"ListItem","position":1,"name":"Startseite","item":"https:\/\/netzforma.org\/"},{"@type":"ListItem","position":2,"name":"K\u00fcnstliche Intelligenz"}]},{"@type":"WebSite","@id":"https:\/\/netzforma.org\/#website","url":"https:\/\/netzforma.org\/","name":"Netzforma* e.V.","description":"Verein f\u00fcr feministsiche Netzpolitik","publisher":{"@id":"https:\/\/netzforma.org\/#organization"},"potentialAction":[{"@type":"SearchAction","target":{"@type":"EntryPoint","urlTemplate":"https:\/\/netzforma.org\/?s={search_term_string}"},"query-input":{"@type":"PropertyValueSpecification","valueRequired":true,"valueName":"search_term_string"}}],"inLanguage":"en-US"},{"@type":"Organization","@id":"https:\/\/netzforma.org\/#organization","name":"Netzforma* e.V.","url":"https:\/\/netzforma.org\/","logo":{"@type":"ImageObject","inLanguage":"en-US","@id":"https:\/\/netzforma.org\/#\/schema\/logo\/image\/","url":"https:\/\/netzforma.org\/wp-content\/uploads\/2018\/04\/cropped-netzforma_512_quadrat-5.png","contentUrl":"https:\/\/netzforma.org\/wp-content\/uploads\/2018\/04\/cropped-netzforma_512_quadrat-5.png","width":177,"height":182,"caption":"Netzforma* e.V."},"image":{"@id":"https:\/\/netzforma.org\/#\/schema\/logo\/image\/"}}]}},"jetpack_sharing_enabled":true,"_links":{"self":[{"href":"https:\/\/netzforma.org\/en\/wp-json\/wp\/v2\/pages\/884","targetHints":{"allow":["GET"]}}],"collection":[{"href":"https:\/\/netzforma.org\/en\/wp-json\/wp\/v2\/pages"}],"about":[{"href":"https:\/\/netzforma.org\/en\/wp-json\/wp\/v2\/types\/page"}],"author":[{"embeddable":true,"href":"https:\/\/netzforma.org\/en\/wp-json\/wp\/v2\/users\/1"}],"replies":[{"embeddable":true,"href":"https:\/\/netzforma.org\/en\/wp-json\/wp\/v2\/comments?post=884"}],"version-history":[{"count":4,"href":"https:\/\/netzforma.org\/en\/wp-json\/wp\/v2\/pages\/884\/revisions"}],"predecessor-version":[{"id":1020,"href":"https:\/\/netzforma.org\/en\/wp-json\/wp\/v2\/pages\/884\/revisions\/1020"}],"wp:attachment":[{"href":"https:\/\/netzforma.org\/en\/wp-json\/wp\/v2\/media?parent=884"}],"curies":[{"name":"wp","href":"https:\/\/api.w.org\/{rel}","templated":true}]}}