{"id":877,"date":"2020-05-15T18:16:24","date_gmt":"2020-05-15T18:16:24","guid":{"rendered":"http:\/\/netzform.uber.space\/?page_id=877"},"modified":"2023-11-01T20:52:37","modified_gmt":"2023-11-01T20:52:37","slug":"digitale-gewalt","status":"publish","type":"page","link":"https:\/\/netzforma.org\/en\/digitale-gewalt","title":{"rendered":"Digitale Gewalt"},"content":{"rendered":"\n<figure class=\"wp-block-image alignleft size-large is-resized\"><img loading=\"lazy\" decoding=\"async\" src=\"http:\/\/netzform.uber.space\/wp-content\/uploads\/2018\/02\/freestocks-org-683816-unsplash-1024x683.jpg\" alt=\"dunkle beleuchtete laptoptastatur\" class=\"wp-image-403\" width=\"376\" height=\"250\" srcset=\"https:\/\/netzforma.org\/wp-content\/uploads\/2018\/02\/freestocks-org-683816-unsplash-1024x683.jpg 1024w, https:\/\/netzforma.org\/wp-content\/uploads\/2018\/02\/freestocks-org-683816-unsplash-300x200.jpg 300w, https:\/\/netzforma.org\/wp-content\/uploads\/2018\/02\/freestocks-org-683816-unsplash-768x512.jpg 768w, https:\/\/netzforma.org\/wp-content\/uploads\/2018\/02\/freestocks-org-683816-unsplash-272x182.jpg 272w\" sizes=\"auto, (max-width: 376px) 100vw, 376px\" \/><\/figure>\n\n\n\n<p>Digitale Gewalt ist eine Form der Diskriminierung, welche die Verletzung und den Ausschluss von Personen durch sexistische, rassistische, homo- oder transphobe sowie sonstige menschenverachtende Hassrede bezweckt oder bewirkt. Sie ist die gewaltsame Fortsetzung von Diskriminierung im digitalen Raum, schr\u00e4nkt die Meinungs- und Entfaltungsfreiheit von Angeh\u00f6rigen bereits diskriminierter Gruppen erheblich ein und ist eine Gefahr f\u00fcr die Demokratie. Sie geht au\u00dferdem meist mit erheblichen Einschr\u00e4nkungen in der allt\u00e4glichen Lebensbew\u00e4ltigung einher und kann physische und psychische Folgen f\u00fcr die Einzelnen haben.<\/p>\n\n\n\n<p>Bekannte Formen digitaler Gewalt sind Identit\u00e4tsklau, Ger\u00fcchte und falsche Behauptungen, Einsch\u00fcchterung\/Erpressung, Beleidigung, Bedrohung, Nachstellung\/Stalking, Diffamierung\/\u00dcble Nachrede, Doxing, Swatting und Vergewaltigungsandrohungen.<\/p>\n\n\n\n<p>Digitale Gewalt kann sich \u00fcber Worte, aber auch \u00fcber Bilder und Bildremixe (Memes) verbreiten; neben Einzelpersonen sind oft ganze Gruppen, die sich online organisiert haben (\u201cCampaigning\u201d), f\u00fcr Digitale Gewalt verantwortlich.<\/p>\n\n\n\n<h2 class=\"wp-block-heading\">Was hat digitale Gewalt mit Feminismus zu tun?<\/h2>\n\n\n\n<p>Feministische Positionen in \u00f6ffentlichen Debatten ziehen oft Formen digitaler Gewalt nach sich. In vielen F\u00e4llen ist es das Ziel, User*innen, die sich feministisch \u00e4u\u00dfern, mit der Androhung von digitaler Gewalt aus dem \u00f6ffentlichen Raum zu verdr\u00e4ngen oder sie gar mundtot zu machen. Zudem gibt es gut organisierte aktive Communities und Online-Szenen, in denen Anti-Feminismus aktiv verbreitet wird und in denen als Feministinnen markierte Userinnen Ziel von Hetze und gesteuerten Kampagnen werden, die mit verschiedenen Formen digitaler Gewalt einhergehen. Diese Online-Communities finden sich im Bereich Gaming, im Kontext der von Reddit gepr\u00e4gten Nerd-Supremacy, im rechtsextremen bis rechtspopulistischen Milieu, bis hin zu Incel-Foren. Diese digitalen Sph\u00e4ren eint besonders eine \u00dcberzeugung: Feminist*innen m\u00fcssten im Rahmen der Meinungsfreiheit f\u00fcr geschlechtliche Gleichwertigkeit digitale Gewalt \u201caushalten\u201d.<\/p>\n\n\n\n<p>Die Mehrheit der von digitaler Gewalt besonders Betroffenen ist meist weiblicher Selbstzuordnung &#8211; laut einer Studie des <a href=\"http:\/\/www.pewinternet.org\/2017\/07\/11\/online-harassment-2017\/\">PEW Researchcenter<\/a> sind es in den USA besonders junge Frauen. Zu \u00e4hnlichen Ergebnissen kommt eine <a href=\"https:\/\/www.frauen-gegen-gewalt.de\/eu-weite-erhebung-gewalt-gegen-frauen-fra-2014.html\">EU- weite Erhebung<\/a> von Amnesty. In Deutschland gibt es keine konkreten Zahlen, die dies klar belegen. Hier wird eine Forschungsl\u00fccke deutlich; nicht nur valide Zahlen fehlen, auch wissenschaftliche Analysen, die nach der Wirkung von digitaler Gewalt auf Individuen und Gesellschaften fragen.<\/p>\n\n\n\n<p>&nbsp;<\/p>\n\n\n\n<hr class=\"wp-block-separator has-alpha-channel-opacity\"\/>\n\n\n\n<div class=\"wp-block-media-text alignwide is-stacked-on-mobile\" style=\"grid-template-columns:27% auto\"><figure class=\"wp-block-media-text__media\"><img loading=\"lazy\" decoding=\"async\" width=\"1024\" height=\"683\" src=\"https:\/\/netzforma.org\/wp-content\/uploads\/2022\/12\/priscilla-du-preez-BjhUu6BpUZA-unsplash-1024x683.jpg\" alt=\"\" class=\"wp-image-1927 size-full\" srcset=\"https:\/\/netzforma.org\/wp-content\/uploads\/2022\/12\/priscilla-du-preez-BjhUu6BpUZA-unsplash-1024x683.jpg 1024w, https:\/\/netzforma.org\/wp-content\/uploads\/2022\/12\/priscilla-du-preez-BjhUu6BpUZA-unsplash-300x200.jpg 300w, https:\/\/netzforma.org\/wp-content\/uploads\/2022\/12\/priscilla-du-preez-BjhUu6BpUZA-unsplash-768x512.jpg 768w, https:\/\/netzforma.org\/wp-content\/uploads\/2022\/12\/priscilla-du-preez-BjhUu6BpUZA-unsplash-1536x1024.jpg 1536w, https:\/\/netzforma.org\/wp-content\/uploads\/2022\/12\/priscilla-du-preez-BjhUu6BpUZA-unsplash-2048x1365.jpg 2048w, https:\/\/netzforma.org\/wp-content\/uploads\/2022\/12\/priscilla-du-preez-BjhUu6BpUZA-unsplash-75x50.jpg 75w, https:\/\/netzforma.org\/wp-content\/uploads\/2022\/12\/priscilla-du-preez-BjhUu6BpUZA-unsplash-750x500.jpg 750w\" sizes=\"auto, (max-width: 1024px) 100vw, 1024px\" \/><\/figure><div class=\"wp-block-media-text__content\">\n<p><strong>Stellungnahme zum Eckpunktepapier digitale Gewalt<\/strong><\/p>\n\n\n\n<p><em>26.05.2023<\/em><\/p>\n\n\n\n<p><a href=\"https:\/\/netzforma.org\/stellungnahme-zum-eckpunktepapier-digitale-gewalt\" target=\"_blank\" rel=\"noreferrer noopener\">Weiterlesen&#8230;<\/a><\/p>\n<\/div><\/div>\n","protected":false},"excerpt":{"rendered":"<p>Digitale Gewalt ist eine Form der Diskriminierung, welche die Verletzung und den Ausschluss von Personen durch sexistische, rassistische, homo- oder transphobe sowie sonstige menschenverachtende Hassrede bezweckt oder bewirkt. Sie ist die gewaltsame Fortsetzung von Diskriminierung im digitalen Raum, schr\u00e4nkt die Meinungs- und Entfaltungsfreiheit von Angeh\u00f6rigen bereits diskriminierter Gruppen erheblich ein und ist eine Gefahr f\u00fcr [&hellip;]<\/p>\n","protected":false},"author":1,"featured_media":0,"parent":0,"menu_order":0,"comment_status":"closed","ping_status":"closed","template":"","meta":{"footnotes":""},"class_list":["post-877","page","type-page","status-publish","hentry"],"translation":{"provider":"WPGlobus","version":"3.0.0","language":"en","enabled_languages":["de","en"],"languages":{"de":{"title":true,"content":true,"excerpt":false},"en":{"title":false,"content":false,"excerpt":false}}},"yoast_head":"<!-- This site is optimized with the Yoast SEO plugin v26.3 - https:\/\/yoast.com\/wordpress\/plugins\/seo\/ -->\n<title>Digitale Gewalt - Netzforma* e.V.<\/title>\n<meta name=\"robots\" content=\"index, follow, max-snippet:-1, max-image-preview:large, max-video-preview:-1\" \/>\n<link rel=\"canonical\" href=\"https:\/\/netzforma.org\/digitale-gewalt\" \/>\n<meta property=\"og:locale\" content=\"en_US\" \/>\n<meta property=\"og:type\" content=\"article\" \/>\n<meta property=\"og:title\" content=\"Digitale Gewalt - Netzforma* e.V.\" \/>\n<meta property=\"og:url\" content=\"https:\/\/netzforma.org\/digitale-gewalt\" \/>\n<meta property=\"og:site_name\" content=\"Netzforma* e.V.\" \/>\n<meta property=\"article:modified_time\" content=\"2023-11-01T20:52:37+00:00\" \/>\n<meta property=\"og:image\" content=\"http:\/\/netzform.uber.space\/wp-content\/uploads\/2018\/02\/freestocks-org-683816-unsplash-1024x683.jpg\" \/>\n<meta name=\"twitter:card\" content=\"summary_large_image\" \/>\n<meta name=\"twitter:label1\" content=\"Est. reading time\" \/>\n\t<meta name=\"twitter:data1\" content=\"3 minutes\" \/>\n<script type=\"application\/ld+json\" class=\"yoast-schema-graph\">{\"@context\":\"https:\/\/schema.org\",\"@graph\":[{\"@type\":\"WebPage\",\"@id\":\"https:\/\/netzforma.org\/digitale-gewalt\",\"url\":\"https:\/\/netzforma.org\/digitale-gewalt\",\"name\":\"Digitale Gewalt - Netzforma* e.V.\",\"isPartOf\":{\"@id\":\"https:\/\/netzforma.org\/#website\"},\"primaryImageOfPage\":{\"@id\":\"https:\/\/netzforma.org\/digitale-gewalt#primaryimage\"},\"image\":{\"@id\":\"https:\/\/netzforma.org\/digitale-gewalt#primaryimage\"},\"thumbnailUrl\":\"http:\/\/netzform.uber.space\/wp-content\/uploads\/2018\/02\/freestocks-org-683816-unsplash-1024x683.jpg\",\"datePublished\":\"2020-05-15T18:16:24+00:00\",\"dateModified\":\"2023-11-01T20:52:37+00:00\",\"description\":\"Digitale Gewalt ist eine Form der Diskriminierung, welche die Verletzung und den Ausschluss von Personen durch sexistische, rassistische, homo- oder transphobe sowie sonstige menschenverachtende Hassrede bezweckt oder bewirkt.\",\"breadcrumb\":{\"@id\":\"https:\/\/netzforma.org\/digitale-gewalt#breadcrumb\"},\"inLanguage\":\"en-US\",\"potentialAction\":[{\"@type\":\"ReadAction\",\"target\":[\"https:\/\/netzforma.org\/digitale-gewalt\"]}]},{\"@type\":\"ImageObject\",\"inLanguage\":\"en-US\",\"@id\":\"https:\/\/netzforma.org\/digitale-gewalt#primaryimage\",\"url\":\"http:\/\/netzform.uber.space\/wp-content\/uploads\/2018\/02\/freestocks-org-683816-unsplash-1024x683.jpg\",\"contentUrl\":\"http:\/\/netzform.uber.space\/wp-content\/uploads\/2018\/02\/freestocks-org-683816-unsplash-1024x683.jpg\"},{\"@type\":\"BreadcrumbList\",\"@id\":\"https:\/\/netzforma.org\/digitale-gewalt#breadcrumb\",\"itemListElement\":[{\"@type\":\"ListItem\",\"position\":1,\"name\":\"Startseite\",\"item\":\"https:\/\/netzforma.org\/\"},{\"@type\":\"ListItem\",\"position\":2,\"name\":\"Digitale Gewalt\"}]},{\"@type\":\"WebSite\",\"@id\":\"https:\/\/netzforma.org\/#website\",\"url\":\"https:\/\/netzforma.org\/\",\"name\":\"Netzforma* e.V.\",\"description\":\"Verein f\u00fcr feministsiche Netzpolitik\",\"publisher\":{\"@id\":\"https:\/\/netzforma.org\/#organization\"},\"potentialAction\":[{\"@type\":\"SearchAction\",\"target\":{\"@type\":\"EntryPoint\",\"urlTemplate\":\"https:\/\/netzforma.org\/?s={search_term_string}\"},\"query-input\":{\"@type\":\"PropertyValueSpecification\",\"valueRequired\":true,\"valueName\":\"search_term_string\"}}],\"inLanguage\":\"en-US\"},{\"@type\":\"Organization\",\"@id\":\"https:\/\/netzforma.org\/#organization\",\"name\":\"Netzforma* e.V.\",\"url\":\"https:\/\/netzforma.org\/\",\"logo\":{\"@type\":\"ImageObject\",\"inLanguage\":\"en-US\",\"@id\":\"https:\/\/netzforma.org\/#\/schema\/logo\/image\/\",\"url\":\"https:\/\/netzforma.org\/wp-content\/uploads\/2018\/04\/cropped-netzforma_512_quadrat-5.png\",\"contentUrl\":\"https:\/\/netzforma.org\/wp-content\/uploads\/2018\/04\/cropped-netzforma_512_quadrat-5.png\",\"width\":177,\"height\":182,\"caption\":\"Netzforma* e.V.\"},\"image\":{\"@id\":\"https:\/\/netzforma.org\/#\/schema\/logo\/image\/\"}}]}<\/script>\n<!-- \/ Yoast SEO plugin. -->","yoast_head_json":{"title":"Digitale Gewalt - Netzforma* e.V.","robots":{"index":"index","follow":"follow","max-snippet":"max-snippet:-1","max-image-preview":"max-image-preview:large","max-video-preview":"max-video-preview:-1"},"canonical":"https:\/\/netzforma.org\/digitale-gewalt","og_locale":"en_US","og_type":"article","og_title":"Digitale Gewalt - Netzforma* e.V.","og_url":"https:\/\/netzforma.org\/digitale-gewalt","og_site_name":"Netzforma* e.V.","article_modified_time":"2023-11-01T20:52:37+00:00","og_image":[{"url":"http:\/\/netzform.uber.space\/wp-content\/uploads\/2018\/02\/freestocks-org-683816-unsplash-1024x683.jpg","type":"","width":"","height":""}],"twitter_card":"summary_large_image","twitter_misc":{"Est. reading time":"3 minutes"},"schema":{"@context":"https:\/\/schema.org","@graph":[{"@type":"WebPage","@id":"https:\/\/netzforma.org\/digitale-gewalt","url":"https:\/\/netzforma.org\/digitale-gewalt","name":"Digitale Gewalt - Netzforma* e.V.","isPartOf":{"@id":"https:\/\/netzforma.org\/#website"},"primaryImageOfPage":{"@id":"https:\/\/netzforma.org\/digitale-gewalt#primaryimage"},"image":{"@id":"https:\/\/netzforma.org\/digitale-gewalt#primaryimage"},"thumbnailUrl":"http:\/\/netzform.uber.space\/wp-content\/uploads\/2018\/02\/freestocks-org-683816-unsplash-1024x683.jpg","datePublished":"2020-05-15T18:16:24+00:00","dateModified":"2023-11-01T20:52:37+00:00","description":"Digitale Gewalt ist eine Form der Diskriminierung, welche die Verletzung und den Ausschluss von Personen durch sexistische, rassistische, homo- oder transphobe sowie sonstige menschenverachtende Hassrede bezweckt oder bewirkt.","breadcrumb":{"@id":"https:\/\/netzforma.org\/digitale-gewalt#breadcrumb"},"inLanguage":"en-US","potentialAction":[{"@type":"ReadAction","target":["https:\/\/netzforma.org\/digitale-gewalt"]}]},{"@type":"ImageObject","inLanguage":"en-US","@id":"https:\/\/netzforma.org\/digitale-gewalt#primaryimage","url":"http:\/\/netzform.uber.space\/wp-content\/uploads\/2018\/02\/freestocks-org-683816-unsplash-1024x683.jpg","contentUrl":"http:\/\/netzform.uber.space\/wp-content\/uploads\/2018\/02\/freestocks-org-683816-unsplash-1024x683.jpg"},{"@type":"BreadcrumbList","@id":"https:\/\/netzforma.org\/digitale-gewalt#breadcrumb","itemListElement":[{"@type":"ListItem","position":1,"name":"Startseite","item":"https:\/\/netzforma.org\/"},{"@type":"ListItem","position":2,"name":"Digitale Gewalt"}]},{"@type":"WebSite","@id":"https:\/\/netzforma.org\/#website","url":"https:\/\/netzforma.org\/","name":"Netzforma* e.V.","description":"Verein f\u00fcr feministsiche Netzpolitik","publisher":{"@id":"https:\/\/netzforma.org\/#organization"},"potentialAction":[{"@type":"SearchAction","target":{"@type":"EntryPoint","urlTemplate":"https:\/\/netzforma.org\/?s={search_term_string}"},"query-input":{"@type":"PropertyValueSpecification","valueRequired":true,"valueName":"search_term_string"}}],"inLanguage":"en-US"},{"@type":"Organization","@id":"https:\/\/netzforma.org\/#organization","name":"Netzforma* e.V.","url":"https:\/\/netzforma.org\/","logo":{"@type":"ImageObject","inLanguage":"en-US","@id":"https:\/\/netzforma.org\/#\/schema\/logo\/image\/","url":"https:\/\/netzforma.org\/wp-content\/uploads\/2018\/04\/cropped-netzforma_512_quadrat-5.png","contentUrl":"https:\/\/netzforma.org\/wp-content\/uploads\/2018\/04\/cropped-netzforma_512_quadrat-5.png","width":177,"height":182,"caption":"Netzforma* e.V."},"image":{"@id":"https:\/\/netzforma.org\/#\/schema\/logo\/image\/"}}]}},"jetpack_sharing_enabled":true,"_links":{"self":[{"href":"https:\/\/netzforma.org\/en\/wp-json\/wp\/v2\/pages\/877","targetHints":{"allow":["GET"]}}],"collection":[{"href":"https:\/\/netzforma.org\/en\/wp-json\/wp\/v2\/pages"}],"about":[{"href":"https:\/\/netzforma.org\/en\/wp-json\/wp\/v2\/types\/page"}],"author":[{"embeddable":true,"href":"https:\/\/netzforma.org\/en\/wp-json\/wp\/v2\/users\/1"}],"replies":[{"embeddable":true,"href":"https:\/\/netzforma.org\/en\/wp-json\/wp\/v2\/comments?post=877"}],"version-history":[{"count":4,"href":"https:\/\/netzforma.org\/en\/wp-json\/wp\/v2\/pages\/877\/revisions"}],"predecessor-version":[{"id":2143,"href":"https:\/\/netzforma.org\/en\/wp-json\/wp\/v2\/pages\/877\/revisions\/2143"}],"wp:attachment":[{"href":"https:\/\/netzforma.org\/en\/wp-json\/wp\/v2\/media?parent=877"}],"curies":[{"name":"wp","href":"https:\/\/api.w.org\/{rel}","templated":true}]}}