{"id":847,"date":"2020-05-15T16:12:45","date_gmt":"2020-05-15T16:12:45","guid":{"rendered":"http:\/\/netzform.uber.space\/?page_id=844"},"modified":"2025-06-05T17:52:23","modified_gmt":"2025-06-05T17:52:23","slug":"spenden","status":"publish","type":"page","link":"https:\/\/netzforma.org\/en\/spenden","title":{"rendered":"Spenden"},"content":{"rendered":"\n<p>Wir freuen uns \u00fcber Spenden! Da wir ein anerkannter gemeinn\u00fctziger Verein sind, sind deine Spenden steuerlich absetzbar.<\/p>\n\n\n\n<p>Bis 300\u20ac reicht dem Finanzamt als Nachweis dein Kontoauszug. Wenn du m\u00f6chtest stellen wir dir eine Spendenbescheinigung aus. Daf\u00fcr brauchen wir jedoch deine Adresse. Entweder tr\u00e4gst du sie direkt in den Verwendungszweck ein oder schickst uns noch eine E-Mail an info[\u00e4\u00e4t ]netzforma.org<\/p>\n\n\n\n<p><p>Netzforma* e.V. &#8211; Verein f\u00fcr feministische Netzpolitik<br>IBAN: DE86 4306 0967 1228 4936 00<br>BIC: GENODEM1GLS<br>Bankinstitut: GLS Bank<br>Verwendungszweck: Spende netzforma<\/p><br><p>Wenn du uns regelm\u00e4\u00dfig unterst\u00fctzen m\u00f6chtest, kannst du <a href=\"http:\/\/netzforma.org\/aufnahmeantrag\">F\u00f6rdermitglied<\/a> werden.<\/p><\/p>\n\n\n\n<p>Du kannst auch \u00fcber Betterplace spenden, dort kannst du Paypal oder Kreditkarte ausw\u00e4hlen:<\/p>\n\n<a title=\"Jetzt spenden f\u00fcr \u201eVereinsarbeit Netzforma* e. V.\u201c auf betterplace.org!\" target=\"_blank\" href=\"https:\/\/www.betterplace.org\/de\/projects\/155404-vereinsarbeit-netzforma-e-v?utm_campaign=donate_btn&amp;utm_content=project%23155404&amp;utm_medium=external_banner&amp;utm_source=projects\"><img loading=\"lazy\" decoding=\"async\" style=\"border:0px\" alt=\"Jetzt Spenden! Das Spendenformular wird von betterplace.org bereit gestellt.\" width=\"160\" height=\"100\" src=\"https:\/\/betterplace-assets.betterplace.org\/static-images\/projects\/donation-button-de.png\" \/><\/a>\n\n<p><\/p>\n","protected":false},"excerpt":{"rendered":"<p>Wir freuen uns \u00fcber Spenden! Da wir ein anerkannter gemeinn\u00fctziger Verein sind, sind deine Spenden steuerlich absetzbar. Bis 300\u20ac reicht dem Finanzamt als Nachweis dein Kontoauszug. Wenn du m\u00f6chtest stellen wir dir eine Spendenbescheinigung aus. Daf\u00fcr brauchen wir jedoch deine Adresse. Entweder tr\u00e4gst du sie direkt in den Verwendungszweck ein oder schickst uns noch eine [&hellip;]<\/p>\n","protected":false},"author":1,"featured_media":0,"parent":0,"menu_order":0,"comment_status":"closed","ping_status":"closed","template":"","meta":{"footnotes":""},"class_list":["post-847","page","type-page","status-publish","hentry"],"translation":{"provider":"WPGlobus","version":"3.0.0","language":"en","enabled_languages":["de","en"],"languages":{"de":{"title":true,"content":true,"excerpt":false},"en":{"title":false,"content":false,"excerpt":false}}},"yoast_head":"<!-- This site is optimized with the Yoast SEO plugin v26.3 - https:\/\/yoast.com\/wordpress\/plugins\/seo\/ -->\n<title>Spenden - Netzforma* e.V.<\/title>\n<meta name=\"robots\" content=\"index, follow, max-snippet:-1, max-image-preview:large, max-video-preview:-1\" \/>\n<link rel=\"canonical\" href=\"https:\/\/netzforma.org\/spenden\" \/>\n<meta property=\"og:locale\" content=\"en_US\" \/>\n<meta property=\"og:type\" content=\"article\" \/>\n<meta property=\"og:title\" content=\"Spenden - Netzforma* e.V.\" \/>\n<meta property=\"og:url\" content=\"https:\/\/netzforma.org\/spenden\" \/>\n<meta property=\"og:site_name\" content=\"Netzforma* e.V.\" \/>\n<meta property=\"article:modified_time\" content=\"2025-06-05T17:52:23+00:00\" \/>\n<meta property=\"og:image\" content=\"https:\/\/betterplace-assets.betterplace.org\/static-images\/projects\/donation-button-de.png\" \/>\n<meta name=\"twitter:card\" content=\"summary_large_image\" \/>\n<meta name=\"twitter:label1\" content=\"Est. reading time\" \/>\n\t<meta name=\"twitter:data1\" content=\"1 minute\" \/>\n<script type=\"application\/ld+json\" class=\"yoast-schema-graph\">{\"@context\":\"https:\/\/schema.org\",\"@graph\":[{\"@type\":\"WebPage\",\"@id\":\"https:\/\/netzforma.org\/spenden\",\"url\":\"https:\/\/netzforma.org\/spenden\",\"name\":\"Spenden - Netzforma* e.V.\",\"isPartOf\":{\"@id\":\"https:\/\/netzforma.org\/#website\"},\"primaryImageOfPage\":{\"@id\":\"https:\/\/netzforma.org\/spenden#primaryimage\"},\"image\":{\"@id\":\"https:\/\/netzforma.org\/spenden#primaryimage\"},\"thumbnailUrl\":\"https:\/\/betterplace-assets.betterplace.org\/static-images\/projects\/donation-button-de.png\",\"datePublished\":\"2020-05-15T16:12:45+00:00\",\"dateModified\":\"2025-06-05T17:52:23+00:00\",\"breadcrumb\":{\"@id\":\"https:\/\/netzforma.org\/spenden#breadcrumb\"},\"inLanguage\":\"en-US\",\"potentialAction\":[{\"@type\":\"ReadAction\",\"target\":[\"https:\/\/netzforma.org\/spenden\"]}]},{\"@type\":\"ImageObject\",\"inLanguage\":\"en-US\",\"@id\":\"https:\/\/netzforma.org\/spenden#primaryimage\",\"url\":\"https:\/\/betterplace-assets.betterplace.org\/static-images\/projects\/donation-button-de.png\",\"contentUrl\":\"https:\/\/betterplace-assets.betterplace.org\/static-images\/projects\/donation-button-de.png\"},{\"@type\":\"BreadcrumbList\",\"@id\":\"https:\/\/netzforma.org\/spenden#breadcrumb\",\"itemListElement\":[{\"@type\":\"ListItem\",\"position\":1,\"name\":\"Startseite\",\"item\":\"https:\/\/netzforma.org\/\"},{\"@type\":\"ListItem\",\"position\":2,\"name\":\"Spenden\"}]},{\"@type\":\"WebSite\",\"@id\":\"https:\/\/netzforma.org\/#website\",\"url\":\"https:\/\/netzforma.org\/\",\"name\":\"Netzforma* e.V.\",\"description\":\"Verein f\u00fcr feministsiche Netzpolitik\",\"publisher\":{\"@id\":\"https:\/\/netzforma.org\/#organization\"},\"potentialAction\":[{\"@type\":\"SearchAction\",\"target\":{\"@type\":\"EntryPoint\",\"urlTemplate\":\"https:\/\/netzforma.org\/?s={search_term_string}\"},\"query-input\":{\"@type\":\"PropertyValueSpecification\",\"valueRequired\":true,\"valueName\":\"search_term_string\"}}],\"inLanguage\":\"en-US\"},{\"@type\":\"Organization\",\"@id\":\"https:\/\/netzforma.org\/#organization\",\"name\":\"Netzforma* e.V.\",\"url\":\"https:\/\/netzforma.org\/\",\"logo\":{\"@type\":\"ImageObject\",\"inLanguage\":\"en-US\",\"@id\":\"https:\/\/netzforma.org\/#\/schema\/logo\/image\/\",\"url\":\"https:\/\/netzforma.org\/wp-content\/uploads\/2018\/04\/cropped-netzforma_512_quadrat-5.png\",\"contentUrl\":\"https:\/\/netzforma.org\/wp-content\/uploads\/2018\/04\/cropped-netzforma_512_quadrat-5.png\",\"width\":177,\"height\":182,\"caption\":\"Netzforma* e.V.\"},\"image\":{\"@id\":\"https:\/\/netzforma.org\/#\/schema\/logo\/image\/\"}}]}<\/script>\n<!-- \/ Yoast SEO plugin. -->","yoast_head_json":{"title":"Spenden - Netzforma* e.V.","robots":{"index":"index","follow":"follow","max-snippet":"max-snippet:-1","max-image-preview":"max-image-preview:large","max-video-preview":"max-video-preview:-1"},"canonical":"https:\/\/netzforma.org\/spenden","og_locale":"en_US","og_type":"article","og_title":"Spenden - Netzforma* e.V.","og_url":"https:\/\/netzforma.org\/spenden","og_site_name":"Netzforma* e.V.","article_modified_time":"2025-06-05T17:52:23+00:00","og_image":[{"url":"https:\/\/betterplace-assets.betterplace.org\/static-images\/projects\/donation-button-de.png","type":"","width":"","height":""}],"twitter_card":"summary_large_image","twitter_misc":{"Est. reading time":"1 minute"},"schema":{"@context":"https:\/\/schema.org","@graph":[{"@type":"WebPage","@id":"https:\/\/netzforma.org\/spenden","url":"https:\/\/netzforma.org\/spenden","name":"Spenden - Netzforma* e.V.","isPartOf":{"@id":"https:\/\/netzforma.org\/#website"},"primaryImageOfPage":{"@id":"https:\/\/netzforma.org\/spenden#primaryimage"},"image":{"@id":"https:\/\/netzforma.org\/spenden#primaryimage"},"thumbnailUrl":"https:\/\/betterplace-assets.betterplace.org\/static-images\/projects\/donation-button-de.png","datePublished":"2020-05-15T16:12:45+00:00","dateModified":"2025-06-05T17:52:23+00:00","breadcrumb":{"@id":"https:\/\/netzforma.org\/spenden#breadcrumb"},"inLanguage":"en-US","potentialAction":[{"@type":"ReadAction","target":["https:\/\/netzforma.org\/spenden"]}]},{"@type":"ImageObject","inLanguage":"en-US","@id":"https:\/\/netzforma.org\/spenden#primaryimage","url":"https:\/\/betterplace-assets.betterplace.org\/static-images\/projects\/donation-button-de.png","contentUrl":"https:\/\/betterplace-assets.betterplace.org\/static-images\/projects\/donation-button-de.png"},{"@type":"BreadcrumbList","@id":"https:\/\/netzforma.org\/spenden#breadcrumb","itemListElement":[{"@type":"ListItem","position":1,"name":"Startseite","item":"https:\/\/netzforma.org\/"},{"@type":"ListItem","position":2,"name":"Spenden"}]},{"@type":"WebSite","@id":"https:\/\/netzforma.org\/#website","url":"https:\/\/netzforma.org\/","name":"Netzforma* e.V.","description":"Verein f\u00fcr feministsiche Netzpolitik","publisher":{"@id":"https:\/\/netzforma.org\/#organization"},"potentialAction":[{"@type":"SearchAction","target":{"@type":"EntryPoint","urlTemplate":"https:\/\/netzforma.org\/?s={search_term_string}"},"query-input":{"@type":"PropertyValueSpecification","valueRequired":true,"valueName":"search_term_string"}}],"inLanguage":"en-US"},{"@type":"Organization","@id":"https:\/\/netzforma.org\/#organization","name":"Netzforma* e.V.","url":"https:\/\/netzforma.org\/","logo":{"@type":"ImageObject","inLanguage":"en-US","@id":"https:\/\/netzforma.org\/#\/schema\/logo\/image\/","url":"https:\/\/netzforma.org\/wp-content\/uploads\/2018\/04\/cropped-netzforma_512_quadrat-5.png","contentUrl":"https:\/\/netzforma.org\/wp-content\/uploads\/2018\/04\/cropped-netzforma_512_quadrat-5.png","width":177,"height":182,"caption":"Netzforma* e.V."},"image":{"@id":"https:\/\/netzforma.org\/#\/schema\/logo\/image\/"}}]}},"jetpack_sharing_enabled":true,"_links":{"self":[{"href":"https:\/\/netzforma.org\/en\/wp-json\/wp\/v2\/pages\/847","targetHints":{"allow":["GET"]}}],"collection":[{"href":"https:\/\/netzforma.org\/en\/wp-json\/wp\/v2\/pages"}],"about":[{"href":"https:\/\/netzforma.org\/en\/wp-json\/wp\/v2\/types\/page"}],"author":[{"embeddable":true,"href":"https:\/\/netzforma.org\/en\/wp-json\/wp\/v2\/users\/1"}],"replies":[{"embeddable":true,"href":"https:\/\/netzforma.org\/en\/wp-json\/wp\/v2\/comments?post=847"}],"version-history":[{"count":18,"href":"https:\/\/netzforma.org\/en\/wp-json\/wp\/v2\/pages\/847\/revisions"}],"predecessor-version":[{"id":2232,"href":"https:\/\/netzforma.org\/en\/wp-json\/wp\/v2\/pages\/847\/revisions\/2232"}],"wp:attachment":[{"href":"https:\/\/netzforma.org\/en\/wp-json\/wp\/v2\/media?parent=847"}],"curies":[{"name":"wp","href":"https:\/\/api.w.org\/{rel}","templated":true}]}}