{"id":844,"date":"2018-04-15T19:14:18","date_gmt":"2018-04-15T19:14:18","guid":{"rendered":"http:\/\/netzforma.org\/?page_id=210"},"modified":"2024-11-13T19:19:08","modified_gmt":"2024-11-13T19:19:08","slug":"210-2-2","status":"publish","type":"page","link":"https:\/\/netzforma.org\/en\/","title":{"rendered":"Warum ist feministische Netzpolitik wichtig?"},"content":{"rendered":"\n<h3>&nbsp;<\/h3>\n<h3 style=\"text-align: center;\"><a href=\"https:\/\/netzforma.org\/publikation-wenn-ki-dann-feministisch-impulse-aus-wissenschaft-und-aktivismus\">Unsere Publikation: &#8220;Wenn KI, dann feministisch.&#8221;<\/a><\/h3>\n<figure id=\"attachment_1170\" aria-describedby=\"caption-attachment-1170\" style=\"width: 750px\" class=\"wp-caption aligncenter\"><img loading=\"lazy\" decoding=\"async\" class=\"wp-image-1170 size-large\" src=\"https:\/\/netzforma.org\/wp-content\/uploads\/2021\/03\/DSF3780-1024x683.jpg\" alt=\"aufgeschlagenes Buch\" width=\"750\" height=\"500\" srcset=\"https:\/\/netzforma.org\/wp-content\/uploads\/2021\/03\/DSF3780-1024x683.jpg 1024w, https:\/\/netzforma.org\/wp-content\/uploads\/2021\/03\/DSF3780-300x200.jpg 300w, https:\/\/netzforma.org\/wp-content\/uploads\/2021\/03\/DSF3780-768x512.jpg 768w, https:\/\/netzforma.org\/wp-content\/uploads\/2021\/03\/DSF3780-1536x1024.jpg 1536w, https:\/\/netzforma.org\/wp-content\/uploads\/2021\/03\/DSF3780-2048x1365.jpg 2048w, https:\/\/netzforma.org\/wp-content\/uploads\/2021\/03\/DSF3780-75x50.jpg 75w, https:\/\/netzforma.org\/wp-content\/uploads\/2021\/03\/DSF3780-750x500.jpg 750w\" sizes=\"auto, (max-width: 750px) 100vw, 750px\" \/><figcaption id=\"caption-attachment-1170\" class=\"wp-caption-text\">Foto von Studio SMS<\/figcaption><\/figure>\n\n\n\n<p><\/p>\n\n\n\n<h1 class=\"wp-block-heading has-text-align-center has-medium-font-size\"><strong><a href=\"https:\/\/netzforma.org\/themen\/dossier-care-digitalisierung\">Care &amp; Digitalisierung \u2013 Reproduktion in der digitalisierten Gesellschaft. Ein Dossier<\/a><\/strong><\/h1>\n\n\n\n<figure class=\"wp-block-image aligncenter size-full\"><img loading=\"lazy\" decoding=\"async\" width=\"1024\" height=\"768\" src=\"https:\/\/netzforma.org\/wp-content\/uploads\/2022\/12\/Key-Visual-1024x768-17.jpeg\" alt=\"In der Mitte ist ein Smartphone Bildschirm, darin abgebildet, \u00fcber den Bildrand hinausragend sitzt eine Person im Schneidersitz, mit den Armen auf den Knien abgelegt, kurze blonde Haare, blaue Jeans, wei\u00dfes Tshirt. Mit Linien und Icons verkn\u00fcpft gehen weitere Bilder um das Smartphone herum. Unten rechts halten drei Demonstrierende die Verdi Fahnen hoch, dar\u00fcber ist eine Schwarze Faust zu sehen. Dar\u00fcbe recht oben in der Ecke ist ein Bild mit sechs Kacheln von einer Videokonferenz zu sehen. Links oben in der Ecke ist eine \u00c4rztin mit Headscarf zu sehen. Davon geht ein Bild mit drei Pillen ab, darunter eines mit einer Hand, die eine Pille und ein Glas Wasser h\u00e4lt. Darunter ist ein positiver Schwangerschaftsatest sowie ein Eierstock mit eingenisteter Eizelle sowie darunter einem F\u00f6tus im Uterus zu sehen.\" class=\"wp-image-1719\" srcset=\"https:\/\/netzforma.org\/wp-content\/uploads\/2022\/12\/Key-Visual-1024x768-17.jpeg 1024w, https:\/\/netzforma.org\/wp-content\/uploads\/2022\/12\/Key-Visual-1024x768-17-300x225.jpeg 300w, https:\/\/netzforma.org\/wp-content\/uploads\/2022\/12\/Key-Visual-1024x768-17-768x576.jpeg 768w\" sizes=\"auto, (max-width: 1024px) 100vw, 1024px\" \/><figcaption class=\"wp-element-caption\">Illustration: <a href=\"https:\/\/netzforma.org\/lucie-langston\">Lucie Langston<\/a><\/figcaption><\/figure>\n\n\n\n<hr class=\"wp-block-separator has-text-color has-css-opacity has-background is-style-default\" style=\"background-color:#7300a3;color:#7300a3\"\/>\n\n\n\n<ul class=\"wp-block-social-links is-layout-flex wp-block-social-links-is-layout-flex\"><li class=\"wp-social-link wp-social-link-facebook  wp-block-social-link\"><a href=\"https:\/\/www.facebook.com\/netzforma\/\" class=\"wp-block-social-link-anchor\"><svg width=\"24\" height=\"24\" viewBox=\"0 0 24 24\" version=\"1.1\" xmlns=\"http:\/\/www.w3.org\/2000\/svg\" aria-hidden=\"true\" focusable=\"false\"><path d=\"M12 2C6.5 2 2 6.5 2 12c0 5 3.7 9.1 8.4 9.9v-7H7.9V12h2.5V9.8c0-2.5 1.5-3.9 3.8-3.9 1.1 0 2.2.2 2.2.2v2.5h-1.3c-1.2 0-1.6.8-1.6 1.6V12h2.8l-.4 2.9h-2.3v7C18.3 21.1 22 17 22 12c0-5.5-4.5-10-10-10z\"><\/path><\/svg><span class=\"wp-block-social-link-label screen-reader-text\">Facebook<\/span><\/a><\/li>\n\n<li class=\"wp-social-link wp-social-link-instagram  wp-block-social-link\"><a href=\"https:\/\/www.instagram.com\/netzforma\/\" class=\"wp-block-social-link-anchor\"><svg width=\"24\" height=\"24\" viewBox=\"0 0 24 24\" version=\"1.1\" xmlns=\"http:\/\/www.w3.org\/2000\/svg\" aria-hidden=\"true\" focusable=\"false\"><path d=\"M12,4.622c2.403,0,2.688,0.009,3.637,0.052c0.877,0.04,1.354,0.187,1.671,0.31c0.42,0.163,0.72,0.358,1.035,0.673 c0.315,0.315,0.51,0.615,0.673,1.035c0.123,0.317,0.27,0.794,0.31,1.671c0.043,0.949,0.052,1.234,0.052,3.637 s-0.009,2.688-0.052,3.637c-0.04,0.877-0.187,1.354-0.31,1.671c-0.163,0.42-0.358,0.72-0.673,1.035 c-0.315,0.315-0.615,0.51-1.035,0.673c-0.317,0.123-0.794,0.27-1.671,0.31c-0.949,0.043-1.233,0.052-3.637,0.052 s-2.688-0.009-3.637-0.052c-0.877-0.04-1.354-0.187-1.671-0.31c-0.42-0.163-0.72-0.358-1.035-0.673 c-0.315-0.315-0.51-0.615-0.673-1.035c-0.123-0.317-0.27-0.794-0.31-1.671C4.631,14.688,4.622,14.403,4.622,12 s0.009-2.688,0.052-3.637c0.04-0.877,0.187-1.354,0.31-1.671c0.163-0.42,0.358-0.72,0.673-1.035 c0.315-0.315,0.615-0.51,1.035-0.673c0.317-0.123,0.794-0.27,1.671-0.31C9.312,4.631,9.597,4.622,12,4.622 M12,3 C9.556,3,9.249,3.01,8.289,3.054C7.331,3.098,6.677,3.25,6.105,3.472C5.513,3.702,5.011,4.01,4.511,4.511 c-0.5,0.5-0.808,1.002-1.038,1.594C3.25,6.677,3.098,7.331,3.054,8.289C3.01,9.249,3,9.556,3,12c0,2.444,0.01,2.751,0.054,3.711 c0.044,0.958,0.196,1.612,0.418,2.185c0.23,0.592,0.538,1.094,1.038,1.594c0.5,0.5,1.002,0.808,1.594,1.038 c0.572,0.222,1.227,0.375,2.185,0.418C9.249,20.99,9.556,21,12,21s2.751-0.01,3.711-0.054c0.958-0.044,1.612-0.196,2.185-0.418 c0.592-0.23,1.094-0.538,1.594-1.038c0.5-0.5,0.808-1.002,1.038-1.594c0.222-0.572,0.375-1.227,0.418-2.185 C20.99,14.751,21,14.444,21,12s-0.01-2.751-0.054-3.711c-0.044-0.958-0.196-1.612-0.418-2.185c-0.23-0.592-0.538-1.094-1.038-1.594 c-0.5-0.5-1.002-0.808-1.594-1.038c-0.572-0.222-1.227-0.375-2.185-0.418C14.751,3.01,14.444,3,12,3L12,3z M12,7.378 c-2.552,0-4.622,2.069-4.622,4.622S9.448,16.622,12,16.622s4.622-2.069,4.622-4.622S14.552,7.378,12,7.378z M12,15 c-1.657,0-3-1.343-3-3s1.343-3,3-3s3,1.343,3,3S13.657,15,12,15z M16.804,6.116c-0.596,0-1.08,0.484-1.08,1.08 s0.484,1.08,1.08,1.08c0.596,0,1.08-0.484,1.08-1.08S17.401,6.116,16.804,6.116z\"><\/path><\/svg><span class=\"wp-block-social-link-label screen-reader-text\">Instagram<\/span><\/a><\/li>\n\n<li class=\"wp-social-link wp-social-link-x  wp-block-social-link\"><a href=\"https:\/\/twitter.com\/netzforma_ev\" class=\"wp-block-social-link-anchor\"><svg width=\"24\" height=\"24\" viewBox=\"0 0 24 24\" version=\"1.1\" xmlns=\"http:\/\/www.w3.org\/2000\/svg\" aria-hidden=\"true\" focusable=\"false\"><path d=\"M13.982 10.622 20.54 3h-1.554l-5.693 6.618L8.745 3H3.5l6.876 10.007L3.5 21h1.554l6.012-6.989L15.868 21h5.245l-7.131-10.378Zm-2.128 2.474-.697-.997-5.543-7.93H8l4.474 6.4.697.996 5.815 8.318h-2.387l-4.745-6.787Z\" \/><\/svg><span class=\"wp-block-social-link-label screen-reader-text\">X<\/span><\/a><\/li><\/ul>\n\n\n\n<h2 class=\"wp-block-heading\">Weitere Aktivit\u00e4ten<\/h2>\n\n\n<ul class=\"wp-block-latest-posts__list is-grid columns-3 wp-block-latest-posts\"><li><div class=\"wp-block-latest-posts__featured-image\"><img loading=\"lazy\" decoding=\"async\" width=\"150\" height=\"150\" src=\"https:\/\/netzforma.org\/wp-content\/uploads\/2024\/11\/akshar-dave-OzrJJZ1aDhM-unsplash-150x150.jpg\" class=\"attachment-thumbnail size-thumbnail wp-post-image\" alt=\"upper part of a black smartphone screen on a black and white squared background\" style=\"\" \/><\/div><a class=\"wp-block-latest-posts__post-title\" href=\"https:\/\/netzforma.org\/en\/wenn-gegen-digitale-gewalt-dann-intersektional-feministisch\">Wenn gegen digitale Gewalt, dann intersektional feministisch!<\/a><\/li>\n<li><div class=\"wp-block-latest-posts__featured-image\"><img loading=\"lazy\" decoding=\"async\" width=\"150\" height=\"150\" src=\"https:\/\/netzforma.org\/wp-content\/uploads\/2024\/04\/IMG_1708-scaled-1-150x150.jpeg\" class=\"attachment-thumbnail size-thumbnail wp-post-image\" alt=\"Das Bild ist die erste Seite des Berichtes auf blauen Hintergrund steht &quot;Br\u00fccken zwischen IST und SOLL&quot; an der Seite sind die Logos von POLIS und netzforma abgebildet.\" style=\"\" srcset=\"https:\/\/netzforma.org\/wp-content\/uploads\/2024\/04\/IMG_1708-scaled-1-150x150.jpeg 150w, https:\/\/netzforma.org\/wp-content\/uploads\/2024\/04\/IMG_1708-scaled-1-100x100.jpeg 100w\" sizes=\"auto, (max-width: 150px) 100vw, 150px\" \/><\/div><a class=\"wp-block-latest-posts__post-title\" href=\"https:\/\/netzforma.org\/en\/polis-paper\">Polis Paper N\u00b0 25 \u2013 Br\u00fccken zwischen IST und SOLL<\/a><\/li>\n<li><div class=\"wp-block-latest-posts__featured-image\"><img loading=\"lazy\" decoding=\"async\" width=\"150\" height=\"150\" src=\"https:\/\/netzforma.org\/wp-content\/uploads\/2021\/03\/DSF3660-150x150.jpg\" class=\"attachment-thumbnail size-thumbnail wp-post-image\" alt=\"Person hat Buch ge\u00f6ffnet\" style=\"\" srcset=\"https:\/\/netzforma.org\/wp-content\/uploads\/2021\/03\/DSF3660-150x150.jpg 150w, https:\/\/netzforma.org\/wp-content\/uploads\/2021\/03\/DSF3660-100x100.jpg 100w\" sizes=\"auto, (max-width: 150px) 100vw, 150px\" \/><\/div><a class=\"wp-block-latest-posts__post-title\" href=\"https:\/\/netzforma.org\/en\/stellungnahme-zum-eckpunktepapier-digitale-gewalt\">Stellungnahme zum Eckpunktepapier digitale Gewalt<\/a><\/li>\n<\/ul>","protected":false},"excerpt":{"rendered":"<p>Care &amp; Digitalisierung \u2013 Reproduktion in der digitalisierten Gesellschaft. Ein Dossier Weitere Aktivit\u00e4ten<\/p>\n","protected":false},"author":1,"featured_media":0,"parent":0,"menu_order":0,"comment_status":"closed","ping_status":"closed","template":"page-templates\/full-width.php","meta":{"footnotes":""},"class_list":["post-844","page","type-page","status-publish","hentry"],"translation":{"provider":"WPGlobus","version":"3.0.0","language":"en","enabled_languages":["de","en"],"languages":{"de":{"title":true,"content":true,"excerpt":false},"en":{"title":false,"content":false,"excerpt":false}}},"yoast_head":"<!-- This site is optimized with the Yoast SEO plugin v26.3 - https:\/\/yoast.com\/wordpress\/plugins\/seo\/ -->\n<title>Warum ist feministische Netzpolitik wichtig? - Netzforma* e.V.<\/title>\n<meta name=\"robots\" content=\"index, follow, max-snippet:-1, max-image-preview:large, max-video-preview:-1\" \/>\n<link rel=\"canonical\" href=\"https:\/\/netzforma.org\/\" \/>\n<meta property=\"og:locale\" content=\"en_US\" \/>\n<meta property=\"og:type\" content=\"article\" \/>\n<meta property=\"og:title\" content=\"Warum ist feministische Netzpolitik wichtig? - Netzforma* e.V.\" \/>\n<meta property=\"og:url\" content=\"https:\/\/netzforma.org\/\" \/>\n<meta property=\"og:site_name\" content=\"Netzforma* e.V.\" \/>\n<meta property=\"article:modified_time\" content=\"2024-11-13T19:19:08+00:00\" \/>\n<meta property=\"og:image\" content=\"https:\/\/netzforma.org\/wp-content\/uploads\/2021\/03\/DSF3780-scaled.jpg\" \/>\n\t<meta property=\"og:image:width\" content=\"2560\" \/>\n\t<meta property=\"og:image:height\" content=\"1707\" \/>\n\t<meta property=\"og:image:type\" content=\"image\/jpeg\" \/>\n<meta name=\"twitter:card\" content=\"summary_large_image\" \/>\n<meta name=\"twitter:label1\" content=\"Est. reading time\" \/>\n\t<meta name=\"twitter:data1\" content=\"1 minute\" \/>\n<script type=\"application\/ld+json\" class=\"yoast-schema-graph\">{\"@context\":\"https:\/\/schema.org\",\"@graph\":[{\"@type\":\"WebPage\",\"@id\":\"https:\/\/netzforma.org\/\",\"url\":\"https:\/\/netzforma.org\/\",\"name\":\"Warum ist feministische Netzpolitik wichtig? - Netzforma* e.V.\",\"isPartOf\":{\"@id\":\"https:\/\/netzforma.org\/#website\"},\"primaryImageOfPage\":{\"@id\":\"https:\/\/netzforma.org\/#primaryimage\"},\"image\":{\"@id\":\"https:\/\/netzforma.org\/#primaryimage\"},\"thumbnailUrl\":\"https:\/\/netzforma.org\/wp-content\/uploads\/2021\/03\/DSF3780-1024x683.jpg\",\"datePublished\":\"2018-04-15T19:14:18+00:00\",\"dateModified\":\"2024-11-13T19:19:08+00:00\",\"breadcrumb\":{\"@id\":\"https:\/\/netzforma.org\/#breadcrumb\"},\"inLanguage\":\"en-US\",\"potentialAction\":[{\"@type\":\"ReadAction\",\"target\":[\"https:\/\/netzforma.org\/\"]}]},{\"@type\":\"ImageObject\",\"inLanguage\":\"en-US\",\"@id\":\"https:\/\/netzforma.org\/#primaryimage\",\"url\":\"https:\/\/netzforma.org\/wp-content\/uploads\/2021\/03\/DSF3780-1024x683.jpg\",\"contentUrl\":\"https:\/\/netzforma.org\/wp-content\/uploads\/2021\/03\/DSF3780-1024x683.jpg\"},{\"@type\":\"BreadcrumbList\",\"@id\":\"https:\/\/netzforma.org\/#breadcrumb\",\"itemListElement\":[{\"@type\":\"ListItem\",\"position\":1,\"name\":\"Startseite\",\"item\":\"https:\/\/netzforma.org\/\"},{\"@type\":\"ListItem\",\"position\":2,\"name\":\"Warum ist feministische Netzpolitik wichtig?\"}]},{\"@type\":\"WebSite\",\"@id\":\"https:\/\/netzforma.org\/#website\",\"url\":\"https:\/\/netzforma.org\/\",\"name\":\"Netzforma* e.V.\",\"description\":\"Verein f\u00fcr feministsiche Netzpolitik\",\"publisher\":{\"@id\":\"https:\/\/netzforma.org\/#organization\"},\"potentialAction\":[{\"@type\":\"SearchAction\",\"target\":{\"@type\":\"EntryPoint\",\"urlTemplate\":\"https:\/\/netzforma.org\/?s={search_term_string}\"},\"query-input\":{\"@type\":\"PropertyValueSpecification\",\"valueRequired\":true,\"valueName\":\"search_term_string\"}}],\"inLanguage\":\"en-US\"},{\"@type\":\"Organization\",\"@id\":\"https:\/\/netzforma.org\/#organization\",\"name\":\"Netzforma* e.V.\",\"url\":\"https:\/\/netzforma.org\/\",\"logo\":{\"@type\":\"ImageObject\",\"inLanguage\":\"en-US\",\"@id\":\"https:\/\/netzforma.org\/#\/schema\/logo\/image\/\",\"url\":\"https:\/\/netzforma.org\/wp-content\/uploads\/2018\/04\/cropped-netzforma_512_quadrat-5.png\",\"contentUrl\":\"https:\/\/netzforma.org\/wp-content\/uploads\/2018\/04\/cropped-netzforma_512_quadrat-5.png\",\"width\":177,\"height\":182,\"caption\":\"Netzforma* e.V.\"},\"image\":{\"@id\":\"https:\/\/netzforma.org\/#\/schema\/logo\/image\/\"}}]}<\/script>\n<!-- \/ Yoast SEO plugin. -->","yoast_head_json":{"title":"Warum ist feministische Netzpolitik wichtig? - Netzforma* e.V.","robots":{"index":"index","follow":"follow","max-snippet":"max-snippet:-1","max-image-preview":"max-image-preview:large","max-video-preview":"max-video-preview:-1"},"canonical":"https:\/\/netzforma.org\/","og_locale":"en_US","og_type":"article","og_title":"Warum ist feministische Netzpolitik wichtig? - Netzforma* e.V.","og_url":"https:\/\/netzforma.org\/","og_site_name":"Netzforma* e.V.","article_modified_time":"2024-11-13T19:19:08+00:00","og_image":[{"width":2560,"height":1707,"url":"https:\/\/netzforma.org\/wp-content\/uploads\/2021\/03\/DSF3780-scaled.jpg","type":"image\/jpeg"}],"twitter_card":"summary_large_image","twitter_misc":{"Est. reading time":"1 minute"},"schema":{"@context":"https:\/\/schema.org","@graph":[{"@type":"WebPage","@id":"https:\/\/netzforma.org\/","url":"https:\/\/netzforma.org\/","name":"Warum ist feministische Netzpolitik wichtig? - Netzforma* e.V.","isPartOf":{"@id":"https:\/\/netzforma.org\/#website"},"primaryImageOfPage":{"@id":"https:\/\/netzforma.org\/#primaryimage"},"image":{"@id":"https:\/\/netzforma.org\/#primaryimage"},"thumbnailUrl":"https:\/\/netzforma.org\/wp-content\/uploads\/2021\/03\/DSF3780-1024x683.jpg","datePublished":"2018-04-15T19:14:18+00:00","dateModified":"2024-11-13T19:19:08+00:00","breadcrumb":{"@id":"https:\/\/netzforma.org\/#breadcrumb"},"inLanguage":"en-US","potentialAction":[{"@type":"ReadAction","target":["https:\/\/netzforma.org\/"]}]},{"@type":"ImageObject","inLanguage":"en-US","@id":"https:\/\/netzforma.org\/#primaryimage","url":"https:\/\/netzforma.org\/wp-content\/uploads\/2021\/03\/DSF3780-1024x683.jpg","contentUrl":"https:\/\/netzforma.org\/wp-content\/uploads\/2021\/03\/DSF3780-1024x683.jpg"},{"@type":"BreadcrumbList","@id":"https:\/\/netzforma.org\/#breadcrumb","itemListElement":[{"@type":"ListItem","position":1,"name":"Startseite","item":"https:\/\/netzforma.org\/"},{"@type":"ListItem","position":2,"name":"Warum ist feministische Netzpolitik wichtig?"}]},{"@type":"WebSite","@id":"https:\/\/netzforma.org\/#website","url":"https:\/\/netzforma.org\/","name":"Netzforma* e.V.","description":"Verein f\u00fcr feministsiche Netzpolitik","publisher":{"@id":"https:\/\/netzforma.org\/#organization"},"potentialAction":[{"@type":"SearchAction","target":{"@type":"EntryPoint","urlTemplate":"https:\/\/netzforma.org\/?s={search_term_string}"},"query-input":{"@type":"PropertyValueSpecification","valueRequired":true,"valueName":"search_term_string"}}],"inLanguage":"en-US"},{"@type":"Organization","@id":"https:\/\/netzforma.org\/#organization","name":"Netzforma* e.V.","url":"https:\/\/netzforma.org\/","logo":{"@type":"ImageObject","inLanguage":"en-US","@id":"https:\/\/netzforma.org\/#\/schema\/logo\/image\/","url":"https:\/\/netzforma.org\/wp-content\/uploads\/2018\/04\/cropped-netzforma_512_quadrat-5.png","contentUrl":"https:\/\/netzforma.org\/wp-content\/uploads\/2018\/04\/cropped-netzforma_512_quadrat-5.png","width":177,"height":182,"caption":"Netzforma* e.V."},"image":{"@id":"https:\/\/netzforma.org\/#\/schema\/logo\/image\/"}}]}},"jetpack_sharing_enabled":true,"_links":{"self":[{"href":"https:\/\/netzforma.org\/en\/wp-json\/wp\/v2\/pages\/844","targetHints":{"allow":["GET"]}}],"collection":[{"href":"https:\/\/netzforma.org\/en\/wp-json\/wp\/v2\/pages"}],"about":[{"href":"https:\/\/netzforma.org\/en\/wp-json\/wp\/v2\/types\/page"}],"author":[{"embeddable":true,"href":"https:\/\/netzforma.org\/en\/wp-json\/wp\/v2\/users\/1"}],"replies":[{"embeddable":true,"href":"https:\/\/netzforma.org\/en\/wp-json\/wp\/v2\/comments?post=844"}],"version-history":[{"count":17,"href":"https:\/\/netzforma.org\/en\/wp-json\/wp\/v2\/pages\/844\/revisions"}],"predecessor-version":[{"id":2209,"href":"https:\/\/netzforma.org\/en\/wp-json\/wp\/v2\/pages\/844\/revisions\/2209"}],"wp:attachment":[{"href":"https:\/\/netzforma.org\/en\/wp-json\/wp\/v2\/media?parent=844"}],"curies":[{"name":"wp","href":"https:\/\/api.w.org\/{rel}","templated":true}]}}