{"id":64,"date":"2018-02-13T19:55:58","date_gmt":"2018-02-13T19:55:58","guid":{"rendered":"http:\/\/netzforma.org\/?page_id=64"},"modified":"2020-06-14T21:02:12","modified_gmt":"2020-06-14T21:02:12","slug":"ueber-uns","status":"publish","type":"page","link":"https:\/\/netzforma.org\/en\/ueber-uns","title":{"rendered":"\u00dcber Uns"},"content":{"rendered":"<p>netzforma* e.V. \u2013 Verein f\u00fcr feministische Netzpolitik gegr\u00fcndet im Januar 2018 und aus der AG Feministische Netzpolitik hervorgegangen.<\/p>\n<p>Die AG entstand 2014 bei zwei netzpolitischen Veranstaltungen des <a href=\"http:\/\/gwi-boell.de\">Gunda-Werner-Instituts<\/a> (GWI) in der Heinrich-B\u00f6ll-Stiftung.<\/p>\n<p>Inzwischen arbeiten bei netzforma* Aktivist*innen aus verschiedensten Kreisen aktiv an einer feministischen Durchdringung von Netzpolitik. In der Vergangenheit haben wir mit Vernetzung und Diskussionsabenden insbesondere digitale Gewalt in den Fokus gestellt.<\/p>\n<p>In Zukunft richtet netzforma* ihren feministischen Blick auch auf netzpolitische Themen wie Zugang zu und Teilhabe am Netz, Big Data, Datenschutz oder Algorithmen. Neben Vernetzung relevanter Akteur*innen und animierenden Veranstaltungen will netzforma* netzpolitische Diskurse als eine unverzichtbare Stimme feministisch mitgestalten.<\/p>\n<p>Wir freuen uns \u00fcber neue F\u00f6rdermitglieder und \u00fcber Personen die aktiv im Verein mitwirken wollen. Bitte f\u00fcllt daf\u00fcr den <a href=\"https:\/\/netzforma.org\/aufnahmeantrag\">Aufnahmeantrag<\/a> aus.<\/p>\n","protected":false},"excerpt":{"rendered":"<p>netzforma* e.V. \u2013 Verein f\u00fcr feministische Netzpolitik gegr\u00fcndet im Januar 2018 und aus der AG Feministische Netzpolitik hervorgegangen. Die AG entstand 2014 bei zwei netzpolitischen Veranstaltungen des Gunda-Werner-Instituts (GWI) in der Heinrich-B\u00f6ll-Stiftung. Inzwischen arbeiten bei netzforma* Aktivist*innen aus verschiedensten Kreisen aktiv an einer feministischen Durchdringung von Netzpolitik. In der Vergangenheit haben wir mit Vernetzung und [&hellip;]<\/p>\n","protected":false},"author":1,"featured_media":0,"parent":0,"menu_order":0,"comment_status":"closed","ping_status":"closed","template":"","meta":{"footnotes":""},"class_list":["post-64","page","type-page","status-publish","hentry"],"translation":{"provider":"WPGlobus","version":"3.0.0","language":"en","enabled_languages":["de","en"],"languages":{"de":{"title":true,"content":true,"excerpt":false},"en":{"title":false,"content":false,"excerpt":false}}},"yoast_head":"<!-- This site is optimized with the Yoast SEO plugin v26.3 - https:\/\/yoast.com\/wordpress\/plugins\/seo\/ -->\n<title>\u00dcber Uns - Netzforma* e.V. - Verein f\u00fcr feministische Netzpolitik<\/title>\n<meta name=\"robots\" content=\"index, follow, max-snippet:-1, max-image-preview:large, max-video-preview:-1\" \/>\n<link rel=\"canonical\" href=\"https:\/\/netzforma.org\/ueber-uns\" \/>\n<meta property=\"og:locale\" content=\"en_US\" \/>\n<meta property=\"og:type\" content=\"article\" \/>\n<meta property=\"og:title\" content=\"\u00dcber Uns - Netzforma* e.V.\" \/>\n<meta property=\"og:url\" content=\"https:\/\/netzforma.org\/ueber-uns\" \/>\n<meta property=\"og:site_name\" content=\"Netzforma* e.V.\" \/>\n<meta property=\"article:modified_time\" content=\"2020-06-14T21:02:12+00:00\" \/>\n<meta name=\"twitter:card\" content=\"summary_large_image\" \/>\n<meta name=\"twitter:label1\" content=\"Est. reading time\" \/>\n\t<meta name=\"twitter:data1\" content=\"1 minute\" \/>\n<script type=\"application\/ld+json\" class=\"yoast-schema-graph\">{\"@context\":\"https:\/\/schema.org\",\"@graph\":[{\"@type\":\"WebPage\",\"@id\":\"https:\/\/netzforma.org\/ueber-uns\",\"url\":\"https:\/\/netzforma.org\/ueber-uns\",\"name\":\"\u00dcber Uns - Netzforma* e.V. - Verein f\u00fcr feministische Netzpolitik\",\"isPartOf\":{\"@id\":\"https:\/\/netzforma.org\/#website\"},\"datePublished\":\"2018-02-13T19:55:58+00:00\",\"dateModified\":\"2020-06-14T21:02:12+00:00\",\"description\":\"Wir sind Aktivist*innen aus verschiedensten Kreisen, die sich aktiv f\u00fcr eine feministische Perspektive auf netzpolitische Themen einsetzen.\",\"breadcrumb\":{\"@id\":\"https:\/\/netzforma.org\/ueber-uns#breadcrumb\"},\"inLanguage\":\"en-US\",\"potentialAction\":[{\"@type\":\"ReadAction\",\"target\":[\"https:\/\/netzforma.org\/ueber-uns\"]}]},{\"@type\":\"BreadcrumbList\",\"@id\":\"https:\/\/netzforma.org\/ueber-uns#breadcrumb\",\"itemListElement\":[{\"@type\":\"ListItem\",\"position\":1,\"name\":\"Startseite\",\"item\":\"https:\/\/netzforma.org\/\"},{\"@type\":\"ListItem\",\"position\":2,\"name\":\"\u00dcber Uns\"}]},{\"@type\":\"WebSite\",\"@id\":\"https:\/\/netzforma.org\/#website\",\"url\":\"https:\/\/netzforma.org\/\",\"name\":\"Netzforma* e.V.\",\"description\":\"Verein f\u00fcr feministsiche Netzpolitik\",\"publisher\":{\"@id\":\"https:\/\/netzforma.org\/#organization\"},\"potentialAction\":[{\"@type\":\"SearchAction\",\"target\":{\"@type\":\"EntryPoint\",\"urlTemplate\":\"https:\/\/netzforma.org\/?s={search_term_string}\"},\"query-input\":{\"@type\":\"PropertyValueSpecification\",\"valueRequired\":true,\"valueName\":\"search_term_string\"}}],\"inLanguage\":\"en-US\"},{\"@type\":\"Organization\",\"@id\":\"https:\/\/netzforma.org\/#organization\",\"name\":\"Netzforma* e.V.\",\"url\":\"https:\/\/netzforma.org\/\",\"logo\":{\"@type\":\"ImageObject\",\"inLanguage\":\"en-US\",\"@id\":\"https:\/\/netzforma.org\/#\/schema\/logo\/image\/\",\"url\":\"https:\/\/netzforma.org\/wp-content\/uploads\/2018\/04\/cropped-netzforma_512_quadrat-5.png\",\"contentUrl\":\"https:\/\/netzforma.org\/wp-content\/uploads\/2018\/04\/cropped-netzforma_512_quadrat-5.png\",\"width\":177,\"height\":182,\"caption\":\"Netzforma* e.V.\"},\"image\":{\"@id\":\"https:\/\/netzforma.org\/#\/schema\/logo\/image\/\"}}]}<\/script>\n<!-- \/ Yoast SEO plugin. -->","yoast_head_json":{"title":"\u00dcber Uns - Netzforma* e.V. - Verein f\u00fcr feministische Netzpolitik","robots":{"index":"index","follow":"follow","max-snippet":"max-snippet:-1","max-image-preview":"max-image-preview:large","max-video-preview":"max-video-preview:-1"},"canonical":"https:\/\/netzforma.org\/ueber-uns","og_locale":"en_US","og_type":"article","og_title":"\u00dcber Uns - Netzforma* e.V.","og_url":"https:\/\/netzforma.org\/ueber-uns","og_site_name":"Netzforma* e.V.","article_modified_time":"2020-06-14T21:02:12+00:00","twitter_card":"summary_large_image","twitter_misc":{"Est. reading time":"1 minute"},"schema":{"@context":"https:\/\/schema.org","@graph":[{"@type":"WebPage","@id":"https:\/\/netzforma.org\/ueber-uns","url":"https:\/\/netzforma.org\/ueber-uns","name":"\u00dcber Uns - Netzforma* e.V. - Verein f\u00fcr feministische Netzpolitik","isPartOf":{"@id":"https:\/\/netzforma.org\/#website"},"datePublished":"2018-02-13T19:55:58+00:00","dateModified":"2020-06-14T21:02:12+00:00","description":"Wir sind Aktivist*innen aus verschiedensten Kreisen, die sich aktiv f\u00fcr eine feministische Perspektive auf netzpolitische Themen einsetzen.","breadcrumb":{"@id":"https:\/\/netzforma.org\/ueber-uns#breadcrumb"},"inLanguage":"en-US","potentialAction":[{"@type":"ReadAction","target":["https:\/\/netzforma.org\/ueber-uns"]}]},{"@type":"BreadcrumbList","@id":"https:\/\/netzforma.org\/ueber-uns#breadcrumb","itemListElement":[{"@type":"ListItem","position":1,"name":"Startseite","item":"https:\/\/netzforma.org\/"},{"@type":"ListItem","position":2,"name":"\u00dcber Uns"}]},{"@type":"WebSite","@id":"https:\/\/netzforma.org\/#website","url":"https:\/\/netzforma.org\/","name":"Netzforma* e.V.","description":"Verein f\u00fcr feministsiche Netzpolitik","publisher":{"@id":"https:\/\/netzforma.org\/#organization"},"potentialAction":[{"@type":"SearchAction","target":{"@type":"EntryPoint","urlTemplate":"https:\/\/netzforma.org\/?s={search_term_string}"},"query-input":{"@type":"PropertyValueSpecification","valueRequired":true,"valueName":"search_term_string"}}],"inLanguage":"en-US"},{"@type":"Organization","@id":"https:\/\/netzforma.org\/#organization","name":"Netzforma* e.V.","url":"https:\/\/netzforma.org\/","logo":{"@type":"ImageObject","inLanguage":"en-US","@id":"https:\/\/netzforma.org\/#\/schema\/logo\/image\/","url":"https:\/\/netzforma.org\/wp-content\/uploads\/2018\/04\/cropped-netzforma_512_quadrat-5.png","contentUrl":"https:\/\/netzforma.org\/wp-content\/uploads\/2018\/04\/cropped-netzforma_512_quadrat-5.png","width":177,"height":182,"caption":"Netzforma* e.V."},"image":{"@id":"https:\/\/netzforma.org\/#\/schema\/logo\/image\/"}}]}},"jetpack_sharing_enabled":true,"_links":{"self":[{"href":"https:\/\/netzforma.org\/en\/wp-json\/wp\/v2\/pages\/64","targetHints":{"allow":["GET"]}}],"collection":[{"href":"https:\/\/netzforma.org\/en\/wp-json\/wp\/v2\/pages"}],"about":[{"href":"https:\/\/netzforma.org\/en\/wp-json\/wp\/v2\/types\/page"}],"author":[{"embeddable":true,"href":"https:\/\/netzforma.org\/en\/wp-json\/wp\/v2\/users\/1"}],"replies":[{"embeddable":true,"href":"https:\/\/netzforma.org\/en\/wp-json\/wp\/v2\/comments?post=64"}],"version-history":[{"count":12,"href":"https:\/\/netzforma.org\/en\/wp-json\/wp\/v2\/pages\/64\/revisions"}],"predecessor-version":[{"id":1041,"href":"https:\/\/netzforma.org\/en\/wp-json\/wp\/v2\/pages\/64\/revisions\/1041"}],"wp:attachment":[{"href":"https:\/\/netzforma.org\/en\/wp-json\/wp\/v2\/media?parent=64"}],"curies":[{"name":"wp","href":"https:\/\/api.w.org\/{rel}","templated":true}]}}