{"id":2,"date":"2018-01-18T18:25:08","date_gmt":"2018-01-18T18:25:08","guid":{"rendered":"http:\/\/netzforma.org\/?page_id=2"},"modified":"2025-11-04T15:11:58","modified_gmt":"2025-11-04T15:11:58","slug":"aufnahmeantrag","status":"publish","type":"page","link":"https:\/\/netzforma.org\/en\/aufnahmeantrag","title":{"rendered":"Mitglied werden"},"content":{"rendered":"<p>Der Verein freut sich \u00fcber F\u00f6rdermitglieder und \u00fcber Personen, die aktiv im Verein mitwirken wollen. Der Mitgliedsbeitrag betr\u00e4gt mindestens 12.-Euro\/Jahr.<\/p>\n<p>Wenn du Mitglied werden m\u00f6chtest, dann schreib uns bitte eine <a href=\"mailto:info@netzforma.org\">E-Mail<\/a> mit folgenden Informationen:<\/p>\n<ul>\n<li>Name<\/li>\n<li>M\u00f6chtest du ordentliches oder f\u00f6rderndes Mitglied werden?<\/li>\n<li>\u00dcber welche E-Mail-Adresse sollen wir dich kontaktieren?<\/li>\n<li>Womit besch\u00e4ftigst du dich und was h\u00e4ttest du Lust perspektivisch einzubringen?<\/li>\n<\/ul>\n","protected":false},"excerpt":{"rendered":"<p>Der Verein freut sich \u00fcber F\u00f6rdermitglieder und \u00fcber Personen, die aktiv im Verein mitwirken wollen. Der Mitgliedsbeitrag betr\u00e4gt mindestens 12.-Euro\/Jahr. Wenn du Mitglied werden m\u00f6chtest, dann schreib uns bitte eine E-Mail mit folgenden Informationen: Name M\u00f6chtest du ordentliches oder f\u00f6rderndes Mitglied werden? \u00dcber welche E-Mail-Adresse sollen wir dich kontaktieren? Womit besch\u00e4ftigst du dich und was [&hellip;]<\/p>\n","protected":false},"author":1,"featured_media":0,"parent":0,"menu_order":0,"comment_status":"closed","ping_status":"open","template":"","meta":{"footnotes":""},"class_list":["post-2","page","type-page","status-publish","hentry"],"translation":{"provider":"WPGlobus","version":"3.0.0","language":"en","enabled_languages":["de","en"],"languages":{"de":{"title":true,"content":true,"excerpt":false},"en":{"title":false,"content":false,"excerpt":false}}},"yoast_head":"<!-- This site is optimized with the Yoast SEO plugin v26.3 - https:\/\/yoast.com\/wordpress\/plugins\/seo\/ -->\n<title>Mitglied werden - Netzforma* e.V.<\/title>\n<meta name=\"robots\" content=\"index, follow, max-snippet:-1, max-image-preview:large, max-video-preview:-1\" \/>\n<link rel=\"canonical\" href=\"https:\/\/netzforma.org\/aufnahmeantrag\" \/>\n<meta property=\"og:locale\" content=\"en_US\" \/>\n<meta property=\"og:type\" content=\"article\" \/>\n<meta property=\"og:title\" content=\"Mitglied werden - Netzforma* e.V.\" \/>\n<meta property=\"og:url\" content=\"https:\/\/netzforma.org\/aufnahmeantrag\" \/>\n<meta property=\"og:site_name\" content=\"Netzforma* e.V.\" \/>\n<meta property=\"article:modified_time\" content=\"2025-11-04T15:11:58+00:00\" \/>\n<meta name=\"twitter:card\" content=\"summary_large_image\" \/>\n<meta name=\"twitter:label1\" content=\"Est. reading time\" \/>\n\t<meta name=\"twitter:data1\" content=\"1 minute\" \/>\n<script type=\"application\/ld+json\" class=\"yoast-schema-graph\">{\"@context\":\"https:\/\/schema.org\",\"@graph\":[{\"@type\":\"WebPage\",\"@id\":\"https:\/\/netzforma.org\/aufnahmeantrag\",\"url\":\"https:\/\/netzforma.org\/aufnahmeantrag\",\"name\":\"Mitglied werden - Netzforma* e.V.\",\"isPartOf\":{\"@id\":\"https:\/\/netzforma.org\/#website\"},\"datePublished\":\"2018-01-18T18:25:08+00:00\",\"dateModified\":\"2025-11-04T15:11:58+00:00\",\"breadcrumb\":{\"@id\":\"https:\/\/netzforma.org\/aufnahmeantrag#breadcrumb\"},\"inLanguage\":\"en-US\",\"potentialAction\":[{\"@type\":\"ReadAction\",\"target\":[\"https:\/\/netzforma.org\/aufnahmeantrag\"]}]},{\"@type\":\"BreadcrumbList\",\"@id\":\"https:\/\/netzforma.org\/aufnahmeantrag#breadcrumb\",\"itemListElement\":[{\"@type\":\"ListItem\",\"position\":1,\"name\":\"Startseite\",\"item\":\"https:\/\/netzforma.org\/\"},{\"@type\":\"ListItem\",\"position\":2,\"name\":\"Mitglied werden\"}]},{\"@type\":\"WebSite\",\"@id\":\"https:\/\/netzforma.org\/#website\",\"url\":\"https:\/\/netzforma.org\/\",\"name\":\"Netzforma* e.V.\",\"description\":\"Verein f\u00fcr feministsiche Netzpolitik\",\"publisher\":{\"@id\":\"https:\/\/netzforma.org\/#organization\"},\"potentialAction\":[{\"@type\":\"SearchAction\",\"target\":{\"@type\":\"EntryPoint\",\"urlTemplate\":\"https:\/\/netzforma.org\/?s={search_term_string}\"},\"query-input\":{\"@type\":\"PropertyValueSpecification\",\"valueRequired\":true,\"valueName\":\"search_term_string\"}}],\"inLanguage\":\"en-US\"},{\"@type\":\"Organization\",\"@id\":\"https:\/\/netzforma.org\/#organization\",\"name\":\"Netzforma* e.V.\",\"url\":\"https:\/\/netzforma.org\/\",\"logo\":{\"@type\":\"ImageObject\",\"inLanguage\":\"en-US\",\"@id\":\"https:\/\/netzforma.org\/#\/schema\/logo\/image\/\",\"url\":\"https:\/\/netzforma.org\/wp-content\/uploads\/2018\/04\/cropped-netzforma_512_quadrat-5.png\",\"contentUrl\":\"https:\/\/netzforma.org\/wp-content\/uploads\/2018\/04\/cropped-netzforma_512_quadrat-5.png\",\"width\":177,\"height\":182,\"caption\":\"Netzforma* e.V.\"},\"image\":{\"@id\":\"https:\/\/netzforma.org\/#\/schema\/logo\/image\/\"}}]}<\/script>\n<!-- \/ Yoast SEO plugin. -->","yoast_head_json":{"title":"Mitglied werden - Netzforma* e.V.","robots":{"index":"index","follow":"follow","max-snippet":"max-snippet:-1","max-image-preview":"max-image-preview:large","max-video-preview":"max-video-preview:-1"},"canonical":"https:\/\/netzforma.org\/aufnahmeantrag","og_locale":"en_US","og_type":"article","og_title":"Mitglied werden - Netzforma* e.V.","og_url":"https:\/\/netzforma.org\/aufnahmeantrag","og_site_name":"Netzforma* e.V.","article_modified_time":"2025-11-04T15:11:58+00:00","twitter_card":"summary_large_image","twitter_misc":{"Est. reading time":"1 minute"},"schema":{"@context":"https:\/\/schema.org","@graph":[{"@type":"WebPage","@id":"https:\/\/netzforma.org\/aufnahmeantrag","url":"https:\/\/netzforma.org\/aufnahmeantrag","name":"Mitglied werden - Netzforma* e.V.","isPartOf":{"@id":"https:\/\/netzforma.org\/#website"},"datePublished":"2018-01-18T18:25:08+00:00","dateModified":"2025-11-04T15:11:58+00:00","breadcrumb":{"@id":"https:\/\/netzforma.org\/aufnahmeantrag#breadcrumb"},"inLanguage":"en-US","potentialAction":[{"@type":"ReadAction","target":["https:\/\/netzforma.org\/aufnahmeantrag"]}]},{"@type":"BreadcrumbList","@id":"https:\/\/netzforma.org\/aufnahmeantrag#breadcrumb","itemListElement":[{"@type":"ListItem","position":1,"name":"Startseite","item":"https:\/\/netzforma.org\/"},{"@type":"ListItem","position":2,"name":"Mitglied werden"}]},{"@type":"WebSite","@id":"https:\/\/netzforma.org\/#website","url":"https:\/\/netzforma.org\/","name":"Netzforma* e.V.","description":"Verein f\u00fcr feministsiche Netzpolitik","publisher":{"@id":"https:\/\/netzforma.org\/#organization"},"potentialAction":[{"@type":"SearchAction","target":{"@type":"EntryPoint","urlTemplate":"https:\/\/netzforma.org\/?s={search_term_string}"},"query-input":{"@type":"PropertyValueSpecification","valueRequired":true,"valueName":"search_term_string"}}],"inLanguage":"en-US"},{"@type":"Organization","@id":"https:\/\/netzforma.org\/#organization","name":"Netzforma* e.V.","url":"https:\/\/netzforma.org\/","logo":{"@type":"ImageObject","inLanguage":"en-US","@id":"https:\/\/netzforma.org\/#\/schema\/logo\/image\/","url":"https:\/\/netzforma.org\/wp-content\/uploads\/2018\/04\/cropped-netzforma_512_quadrat-5.png","contentUrl":"https:\/\/netzforma.org\/wp-content\/uploads\/2018\/04\/cropped-netzforma_512_quadrat-5.png","width":177,"height":182,"caption":"Netzforma* e.V."},"image":{"@id":"https:\/\/netzforma.org\/#\/schema\/logo\/image\/"}}]}},"jetpack_sharing_enabled":true,"_links":{"self":[{"href":"https:\/\/netzforma.org\/en\/wp-json\/wp\/v2\/pages\/2","targetHints":{"allow":["GET"]}}],"collection":[{"href":"https:\/\/netzforma.org\/en\/wp-json\/wp\/v2\/pages"}],"about":[{"href":"https:\/\/netzforma.org\/en\/wp-json\/wp\/v2\/types\/page"}],"author":[{"embeddable":true,"href":"https:\/\/netzforma.org\/en\/wp-json\/wp\/v2\/users\/1"}],"replies":[{"embeddable":true,"href":"https:\/\/netzforma.org\/en\/wp-json\/wp\/v2\/comments?post=2"}],"version-history":[{"count":4,"href":"https:\/\/netzforma.org\/en\/wp-json\/wp\/v2\/pages\/2\/revisions"}],"predecessor-version":[{"id":2245,"href":"https:\/\/netzforma.org\/en\/wp-json\/wp\/v2\/pages\/2\/revisions\/2245"}],"wp:attachment":[{"href":"https:\/\/netzforma.org\/en\/wp-json\/wp\/v2\/media?parent=2"}],"curies":[{"name":"wp","href":"https:\/\/api.w.org\/{rel}","templated":true}]}}