{"id":117,"date":"2018-02-14T13:37:09","date_gmt":"2018-02-14T13:37:09","guid":{"rendered":"http:\/\/netzforma.org\/?page_id=117"},"modified":"2024-06-15T08:40:51","modified_gmt":"2024-06-15T08:40:51","slug":"impressum","status":"publish","type":"page","link":"https:\/\/netzforma.org\/en\/impressum","title":{"rendered":"Impressum"},"content":{"rendered":"<p><img loading=\"lazy\" decoding=\"async\" class=\"aligncenter wp-image-118 size-large\" src=\"http:\/\/netzforma.org\/wp-content\/uploads\/2018\/02\/imprint-1355328_1920-1024x512.jpg\" alt=\"Impressum: MIH83@pixaby\" width=\"780\" height=\"390\" srcset=\"https:\/\/netzforma.org\/wp-content\/uploads\/2018\/02\/imprint-1355328_1920-1024x512.jpg 1024w, https:\/\/netzforma.org\/wp-content\/uploads\/2018\/02\/imprint-1355328_1920-300x150.jpg 300w, https:\/\/netzforma.org\/wp-content\/uploads\/2018\/02\/imprint-1355328_1920-768x384.jpg 768w, https:\/\/netzforma.org\/wp-content\/uploads\/2018\/02\/imprint-1355328_1920-400x200.jpg 400w, https:\/\/netzforma.org\/wp-content\/uploads\/2018\/02\/imprint-1355328_1920.jpg 1920w\" sizes=\"auto, (max-width: 780px) 100vw, 780px\" \/><\/p>\n<p style=\"text-align: justify;\"><strong>Kontakt:<\/strong><br \/>\nNetzforma* e.V. &#8211; Verein f\u00fcr feministische Netzpolitik<br \/>\nAnklamer Str. 38 (im 2. Hinterhof)<br \/>\n10115 Berlin<br \/>\nEmail: info[\u00e4t]netzforma.org<\/p>\n<p><a href=\"http:\/\/netzforma.org\/satzung\">Satzung<\/a><\/p>\n<p><strong>Vertretungsberechtigter Vorstand<\/strong>: Francesca Schmidt, Anna Antonakis und Marieke Eilers<\/p>\n<p><strong>Registergericht<\/strong>: Amtsgericht Charlottenburg<br \/>\n<strong>Registernummer<\/strong>: VR 36632 B<\/p>\n<p><strong>Haftung f\u00fcr Inhalte:<\/strong><br \/>\nDie Inhalte unserer Seiten wurden mit gr\u00f6\u00dfter Sorgfalt erstellt. F\u00fcr die Richtigkeit, Vollst\u00e4ndigkeit und Aktualit\u00e4t der Inhalte k\u00f6nnen wir jedoch keine Gew\u00e4hr \u00fcbernehmen. Als Diensteanbieter sind wir gem\u00e4\u00df \u00a7 7 Abs.1 TMG f\u00fcr eigene Inhalte auf diesen Seiten nach den allgemeinen Gesetzen verantwortlich. Nach \u00a7\u00a7 8 bis 10 TMG sind wir als Diensteanbieter jedoch nicht verpflichtet, \u00fcbermittelte oder gespeicherte fremde Informationen zu \u00fcberwachen oder nach Umst\u00e4nden zu forschen, die auf eine rechtswidrige T\u00e4tigkeit hinweisen. Verpflichtungen zur Entfernung oder Sperrung der Nutzung von Informationen nach den allgemeinen Gesetzen bleiben hiervon unber\u00fchrt. Eine diesbez\u00fcgliche Haftung ist jedoch erst ab dem Zeitpunkt der Kenntnis einer konkreten Rechtsverletzung m\u00f6glich. Bei Bekanntwerden von entsprechenden Rechtsverletzungen werden wir diese Inhalte umgehend entfernen.<\/p>\n<p><strong>Haftung f\u00fcr Links:<\/strong><br \/>\nUnser Angebot enth\u00e4lt Links zu externen Webseiten Dritter, auf deren Inhalte wir keinen Einfluss haben. Deshalb k\u00f6nnen wir f\u00fcr diese fremden Inhalte auch keine Gew\u00e4hr \u00fcbernehmen. F\u00fcr die Inhalte der verlinkten Seiten ist stets der jeweilige Anbieter oder Betreiber der Seiten verantwortlich. Die verlinkten Seiten wurden zum Zeitpunkt der Verlinkung auf m\u00f6gliche Rechtsverst\u00f6\u00dfe \u00fcberpr\u00fcft. Rechtswidrige Inhalte waren zum Zeitpunkt der Verlinkung nicht erkennbar. Eine permanente inhaltliche Kontrolle der verlinkten Seiten ist jedoch ohne konkrete Anhaltspunkte einer Rechtsverletzung nicht zumutbar. Bei Bekanntwerden von Rechtsverletzungen werden wir derartige Links umgehend entfernen.<\/p>\n<p>Bild:\u00a0<a href=\"https:\/\/pixabay.com\/de\/impressum-internetrecht-wort-1355328\/\" target=\"_blank\" rel=\"noopener noreferrer\">MIH83@pixaby<\/a><\/p>\n","protected":false},"excerpt":{"rendered":"<p>Kontakt: Netzforma* e.V. &#8211; Verein f\u00fcr feministische Netzpolitik Anklamer Str. 38 (im 2. Hinterhof) 10115 Berlin Email: info[\u00e4t]netzforma.org Satzung Vertretungsberechtigter Vorstand: Francesca Schmidt, Anna Antonakis und Marieke Eilers Registergericht: Amtsgericht Charlottenburg Registernummer: VR 36632 B Haftung f\u00fcr Inhalte: Die Inhalte unserer Seiten wurden mit gr\u00f6\u00dfter Sorgfalt erstellt. F\u00fcr die Richtigkeit, Vollst\u00e4ndigkeit und Aktualit\u00e4t der Inhalte [&hellip;]<\/p>\n","protected":false},"author":1,"featured_media":118,"parent":0,"menu_order":0,"comment_status":"closed","ping_status":"closed","template":"","meta":{"footnotes":""},"class_list":["post-117","page","type-page","status-publish","has-post-thumbnail","hentry"],"translation":{"provider":"WPGlobus","version":"3.0.0","language":"en","enabled_languages":["de","en"],"languages":{"de":{"title":true,"content":true,"excerpt":false},"en":{"title":false,"content":false,"excerpt":false}}},"yoast_head":"<!-- This site is optimized with the Yoast SEO plugin v26.3 - https:\/\/yoast.com\/wordpress\/plugins\/seo\/ -->\n<title>Impressum - Netzforma* e.V.<\/title>\n<meta name=\"robots\" content=\"index, follow, max-snippet:-1, max-image-preview:large, max-video-preview:-1\" \/>\n<link rel=\"canonical\" href=\"https:\/\/netzforma.org\/impressum\" \/>\n<meta property=\"og:locale\" content=\"en_US\" \/>\n<meta property=\"og:type\" content=\"article\" \/>\n<meta property=\"og:title\" content=\"Impressum - Netzforma* e.V.\" \/>\n<meta property=\"og:url\" content=\"https:\/\/netzforma.org\/impressum\" \/>\n<meta property=\"og:site_name\" content=\"Netzforma* e.V.\" \/>\n<meta property=\"article:modified_time\" content=\"2024-06-15T08:40:51+00:00\" \/>\n<meta property=\"og:image\" content=\"https:\/\/netzforma.org\/wp-content\/uploads\/2018\/02\/imprint-1355328_1920.jpg\" \/>\n\t<meta property=\"og:image:width\" content=\"1920\" \/>\n\t<meta property=\"og:image:height\" content=\"960\" \/>\n\t<meta property=\"og:image:type\" content=\"image\/jpeg\" \/>\n<meta name=\"twitter:card\" content=\"summary_large_image\" \/>\n<meta name=\"twitter:label1\" content=\"Est. reading time\" \/>\n\t<meta name=\"twitter:data1\" content=\"2 minutes\" \/>\n<script type=\"application\/ld+json\" class=\"yoast-schema-graph\">{\"@context\":\"https:\/\/schema.org\",\"@graph\":[{\"@type\":\"WebPage\",\"@id\":\"https:\/\/netzforma.org\/impressum\",\"url\":\"https:\/\/netzforma.org\/impressum\",\"name\":\"Impressum - Netzforma* e.V.\",\"isPartOf\":{\"@id\":\"https:\/\/netzforma.org\/#website\"},\"primaryImageOfPage\":{\"@id\":\"https:\/\/netzforma.org\/impressum#primaryimage\"},\"image\":{\"@id\":\"https:\/\/netzforma.org\/impressum#primaryimage\"},\"thumbnailUrl\":\"https:\/\/netzforma.org\/wp-content\/uploads\/2018\/02\/imprint-1355328_1920.jpg\",\"datePublished\":\"2018-02-14T13:37:09+00:00\",\"dateModified\":\"2024-06-15T08:40:51+00:00\",\"description\":\"Netzforma* e.V. - Verein f\u00fcr feministische Netzpolitik\",\"breadcrumb\":{\"@id\":\"https:\/\/netzforma.org\/impressum#breadcrumb\"},\"inLanguage\":\"en-US\",\"potentialAction\":[{\"@type\":\"ReadAction\",\"target\":[\"https:\/\/netzforma.org\/impressum\"]}]},{\"@type\":\"ImageObject\",\"inLanguage\":\"en-US\",\"@id\":\"https:\/\/netzforma.org\/impressum#primaryimage\",\"url\":\"https:\/\/netzforma.org\/wp-content\/uploads\/2018\/02\/imprint-1355328_1920.jpg\",\"contentUrl\":\"https:\/\/netzforma.org\/wp-content\/uploads\/2018\/02\/imprint-1355328_1920.jpg\",\"width\":1920,\"height\":960,\"caption\":\"Impressum: MIH83@pixaby\"},{\"@type\":\"BreadcrumbList\",\"@id\":\"https:\/\/netzforma.org\/impressum#breadcrumb\",\"itemListElement\":[{\"@type\":\"ListItem\",\"position\":1,\"name\":\"Startseite\",\"item\":\"https:\/\/netzforma.org\/\"},{\"@type\":\"ListItem\",\"position\":2,\"name\":\"Impressum\"}]},{\"@type\":\"WebSite\",\"@id\":\"https:\/\/netzforma.org\/#website\",\"url\":\"https:\/\/netzforma.org\/\",\"name\":\"Netzforma* e.V.\",\"description\":\"Verein f\u00fcr feministsiche Netzpolitik\",\"publisher\":{\"@id\":\"https:\/\/netzforma.org\/#organization\"},\"potentialAction\":[{\"@type\":\"SearchAction\",\"target\":{\"@type\":\"EntryPoint\",\"urlTemplate\":\"https:\/\/netzforma.org\/?s={search_term_string}\"},\"query-input\":{\"@type\":\"PropertyValueSpecification\",\"valueRequired\":true,\"valueName\":\"search_term_string\"}}],\"inLanguage\":\"en-US\"},{\"@type\":\"Organization\",\"@id\":\"https:\/\/netzforma.org\/#organization\",\"name\":\"Netzforma* e.V.\",\"url\":\"https:\/\/netzforma.org\/\",\"logo\":{\"@type\":\"ImageObject\",\"inLanguage\":\"en-US\",\"@id\":\"https:\/\/netzforma.org\/#\/schema\/logo\/image\/\",\"url\":\"https:\/\/netzforma.org\/wp-content\/uploads\/2018\/04\/cropped-netzforma_512_quadrat-5.png\",\"contentUrl\":\"https:\/\/netzforma.org\/wp-content\/uploads\/2018\/04\/cropped-netzforma_512_quadrat-5.png\",\"width\":177,\"height\":182,\"caption\":\"Netzforma* e.V.\"},\"image\":{\"@id\":\"https:\/\/netzforma.org\/#\/schema\/logo\/image\/\"}}]}<\/script>\n<!-- \/ Yoast SEO plugin. -->","yoast_head_json":{"title":"Impressum - Netzforma* e.V.","robots":{"index":"index","follow":"follow","max-snippet":"max-snippet:-1","max-image-preview":"max-image-preview:large","max-video-preview":"max-video-preview:-1"},"canonical":"https:\/\/netzforma.org\/impressum","og_locale":"en_US","og_type":"article","og_title":"Impressum - Netzforma* e.V.","og_url":"https:\/\/netzforma.org\/impressum","og_site_name":"Netzforma* e.V.","article_modified_time":"2024-06-15T08:40:51+00:00","og_image":[{"width":1920,"height":960,"url":"https:\/\/netzforma.org\/wp-content\/uploads\/2018\/02\/imprint-1355328_1920.jpg","type":"image\/jpeg"}],"twitter_card":"summary_large_image","twitter_misc":{"Est. reading time":"2 minutes"},"schema":{"@context":"https:\/\/schema.org","@graph":[{"@type":"WebPage","@id":"https:\/\/netzforma.org\/impressum","url":"https:\/\/netzforma.org\/impressum","name":"Impressum - Netzforma* e.V.","isPartOf":{"@id":"https:\/\/netzforma.org\/#website"},"primaryImageOfPage":{"@id":"https:\/\/netzforma.org\/impressum#primaryimage"},"image":{"@id":"https:\/\/netzforma.org\/impressum#primaryimage"},"thumbnailUrl":"https:\/\/netzforma.org\/wp-content\/uploads\/2018\/02\/imprint-1355328_1920.jpg","datePublished":"2018-02-14T13:37:09+00:00","dateModified":"2024-06-15T08:40:51+00:00","description":"Netzforma* e.V. - Verein f\u00fcr feministische Netzpolitik","breadcrumb":{"@id":"https:\/\/netzforma.org\/impressum#breadcrumb"},"inLanguage":"en-US","potentialAction":[{"@type":"ReadAction","target":["https:\/\/netzforma.org\/impressum"]}]},{"@type":"ImageObject","inLanguage":"en-US","@id":"https:\/\/netzforma.org\/impressum#primaryimage","url":"https:\/\/netzforma.org\/wp-content\/uploads\/2018\/02\/imprint-1355328_1920.jpg","contentUrl":"https:\/\/netzforma.org\/wp-content\/uploads\/2018\/02\/imprint-1355328_1920.jpg","width":1920,"height":960,"caption":"Impressum: MIH83@pixaby"},{"@type":"BreadcrumbList","@id":"https:\/\/netzforma.org\/impressum#breadcrumb","itemListElement":[{"@type":"ListItem","position":1,"name":"Startseite","item":"https:\/\/netzforma.org\/"},{"@type":"ListItem","position":2,"name":"Impressum"}]},{"@type":"WebSite","@id":"https:\/\/netzforma.org\/#website","url":"https:\/\/netzforma.org\/","name":"Netzforma* e.V.","description":"Verein f\u00fcr feministsiche Netzpolitik","publisher":{"@id":"https:\/\/netzforma.org\/#organization"},"potentialAction":[{"@type":"SearchAction","target":{"@type":"EntryPoint","urlTemplate":"https:\/\/netzforma.org\/?s={search_term_string}"},"query-input":{"@type":"PropertyValueSpecification","valueRequired":true,"valueName":"search_term_string"}}],"inLanguage":"en-US"},{"@type":"Organization","@id":"https:\/\/netzforma.org\/#organization","name":"Netzforma* e.V.","url":"https:\/\/netzforma.org\/","logo":{"@type":"ImageObject","inLanguage":"en-US","@id":"https:\/\/netzforma.org\/#\/schema\/logo\/image\/","url":"https:\/\/netzforma.org\/wp-content\/uploads\/2018\/04\/cropped-netzforma_512_quadrat-5.png","contentUrl":"https:\/\/netzforma.org\/wp-content\/uploads\/2018\/04\/cropped-netzforma_512_quadrat-5.png","width":177,"height":182,"caption":"Netzforma* e.V."},"image":{"@id":"https:\/\/netzforma.org\/#\/schema\/logo\/image\/"}}]}},"jetpack_sharing_enabled":true,"_links":{"self":[{"href":"https:\/\/netzforma.org\/en\/wp-json\/wp\/v2\/pages\/117","targetHints":{"allow":["GET"]}}],"collection":[{"href":"https:\/\/netzforma.org\/en\/wp-json\/wp\/v2\/pages"}],"about":[{"href":"https:\/\/netzforma.org\/en\/wp-json\/wp\/v2\/types\/page"}],"author":[{"embeddable":true,"href":"https:\/\/netzforma.org\/en\/wp-json\/wp\/v2\/users\/1"}],"replies":[{"embeddable":true,"href":"https:\/\/netzforma.org\/en\/wp-json\/wp\/v2\/comments?post=117"}],"version-history":[{"count":19,"href":"https:\/\/netzforma.org\/en\/wp-json\/wp\/v2\/pages\/117\/revisions"}],"predecessor-version":[{"id":2170,"href":"https:\/\/netzforma.org\/en\/wp-json\/wp\/v2\/pages\/117\/revisions\/2170"}],"wp:featuredmedia":[{"embeddable":true,"href":"https:\/\/netzforma.org\/en\/wp-json\/wp\/v2\/media\/118"}],"wp:attachment":[{"href":"https:\/\/netzforma.org\/en\/wp-json\/wp\/v2\/media?parent=117"}],"curies":[{"name":"wp","href":"https:\/\/api.w.org\/{rel}","templated":true}]}}